












{"id":7,"date":"2017-01-19T15:19:37","date_gmt":"2017-01-19T14:19:37","guid":{"rendered":"https:\/\/tmp.rundrweb.com\/wp\/?page_id=7"},"modified":"2018-06-16T09:20:02","modified_gmt":"2018-06-16T07:20:02","slug":"home","status":"publish","type":"page","link":"http:\/\/www.adventuretrekking-nepal.com\/de\/","title":{"rendered":"Home"},"content":{"rendered":"<p><img scr=\"http:\/\/www.adventuretrekking-nepal.com\/wp\/wp-content\/uploads\/IMG_5005639.jpg\" style=\"display:none\"\/><\/p>\n<div><\/div>\n<div class='conblock con-default  clearfix' style=''><div class='conblock-inner'>\n<p class=\"br\">&nbsp;<\/p>\n<h1>Nepal Trekking\u00a0\u2013 Namaste<\/h1>\n<h2>Nepal geh\u00f6rt zu den spektakul\u00e4rsten Reisezielen unserer Erde!<\/h2>\n<p style=\"text-align: justify;\">Das zwischen den Giganten Indien und China eingezw\u00e4ngte Land Nepal kann mit allen Klimazonen von tropisch bis alpin-arktisch gl\u00e4nzen und ist die Heimat von \u00fcber 70 V\u00f6lkern mit \u00fcber 50 Sprachen.<\/p>\n<p style=\"text-align: justify;\">Der Himalaya und Nepal \u2013 das sind zwei untrennbar miteinander verbundene Begriffe, die schon seit Ewigkeiten die Reise-Phantasie, die Abenteuerlust und den Entdeckergeist der Menschen befl\u00fcgeln. Zudem tr\u00e4gt die Lebensfreude der Einheimischen, das aktive Ausleben der Religionen, unterschiedlichste Trachten, Traditionen und Br\u00e4uche zur facettenreichen Vielfalt des Landes bei.<\/p>\n<p style=\"text-align: justify;\">Erleben Sie bei einer Trekking-Reise schneebedeckte Gipfel, hohe P\u00e4sse und gr\u00fcne T\u00e4ler, majest\u00e4tisch \u00fcberragt von den h\u00f6chsten Bergen der Erde.<\/p>\n<p class=\"br\">&nbsp;<\/p>\n<div class='cols3 cols  nomargin  clearfix'>\n<div class='col colspan '>\n<p><a href=\"http:\/\/www.adventuretrekking-nepal.com\/de\/ueber-mich\/\"><img loading=\"lazy\" decoding=\"async\" class=\"alignnone wp-image-367 size-medium\" src=\"http:\/\/www.adventuretrekking-nepal.com\/wp\/wp-content\/uploads\/13015544_217804455266134_1202233471369895348_n-550x367.jpg\" alt=\"\" width=\"550\" height=\"367\" \/><\/a><\/p>\n<p style=\"text-align: center;\"><a class=\"button\" href=\"http:\/\/www.adventuretrekking-nepal.com\/de\/ueber-mich\/\">\u00dcber mich<\/a><\/p>\n<\/div>\n<div class='col colspan '>\n<p><a href=\"http:\/\/www.adventuretrekking-nepal.com\/de\/touren\/\"><img loading=\"lazy\" decoding=\"async\" class=\"alignnone wp-image-258 size-medium\" src=\"http:\/\/www.adventuretrekking-nepal.com\/wp\/wp-content\/uploads\/gokyorenja-la-pass-pic-1-550x367.jpg\" alt=\"\" width=\"550\" height=\"367\" \/><\/a><\/p>\n<p style=\"text-align: center;\"><a class=\"button\" href=\"http:\/\/www.adventuretrekking-nepal.com\/de\/touren\/\">Trekking-Touren<\/a><\/p>\n<\/div>\n<div class='col colspan last'>\n<p><a href=\"http:\/\/www.adventuretrekking-nepal.com\/de\/nepal\/\"><img loading=\"lazy\" decoding=\"async\" class=\"alignnone wp-image-634 size-medium\" src=\"http:\/\/www.adventuretrekking-nepal.com\/wp\/wp-content\/uploads\/iStock-564597530-550x367.jpg\" alt=\"\" width=\"550\" height=\"367\" \/><\/a><\/p>\n<p style=\"text-align: center;\"><a class=\"button\" href=\"http:\/\/www.adventuretrekking-nepal.com\/de\/nepal\/\">Nepal<\/a><\/p>\n<\/div>\n<\/div>\n<\/div> <\/div>\n<div><\/div>\n<div class='conblock con-default  clearfix' style=''><div class='conblock-inner'>\n<h3>Warum Sie Ihre Tour mit Pinnacle Trek buchen sollten:<\/h3>\n<p class=\"br\">&nbsp;<\/p>\n<div class='cols3 cols  nomargin  clearfix'>\n<div class='col colspan '>\n<p><a href=\"http:\/\/www.adventuretrekking-nepal.com\/wp\/wp-content\/uploads\/iStock-564597530.jpg\"><img loading=\"lazy\" decoding=\"async\" class=\"alignnone wp-image-635 size-medium\" src=\"http:\/\/www.adventuretrekking-nepal.com\/wp\/wp-content\/uploads\/iStock-564597530-550x367.jpg\" alt=\"\" width=\"550\" height=\"367\" \/><\/a><\/p>\n<\/div>\n<p class=\"br\">&nbsp;<\/p>\n<div class='col colspan '>\n<p><strong>Wir bieten Ihnen:<\/strong><\/p>\n<ul>\n<li>Bester Preis mit bester Gastfreundschaft<\/li>\n<li>Sie haben eine gr\u00f6\u00dfere Gruppe? Wir k\u00f6nnen Ihnen gerne helfen!<\/li>\n<li>\u00d6rtlich erfahrene Guides und Sherpas<\/li>\n<li>Erstklassiger Kundendienst<\/li>\n<li>Lieferdatum ist garantiert<\/li>\n<li>Wir k\u00f6nnen Ihnen dabei helfen, Ihren Trek Ihrem Budget anzupassen<\/li>\n<li>Wir k\u00f6nnen die Reise nach Ihrem Bedarf\u00a0anpassen<\/li>\n<li>15 Jahre exzellente Trekkingerfahrung<\/li>\n<\/ul>\n<\/div>\n<div class='col colspan last'>\n<div id=\"TA_selfserveprop672\" class=\"TA_selfserveprop\">\n<ul id=\"pMpDDdmTlM\" class=\"TA_links ejV0Tx\">\n<li id=\"U7o7Btc\" class=\"vsmSTO6\"><a href=\"https:\/\/www.tripadvisor.com\/\" target=\"_blank\" rel=\"noopener\"><img decoding=\"async\" src=\"https:\/\/www.tripadvisor.com\/img\/cdsi\/img2\/branding\/150_logo-11900-2.png\" alt=\"TripAdvisor\" \/><\/a><\/li>\n<\/ul>\n<\/div>\n<p><script async src=\"https:\/\/www.jscache.com\/wejs?wtype=selfserveprop&amp;uniq=672&amp;locationId=13968341&amp;lang=en_US&amp;rating=true&amp;nreviews=5&amp;writereviewlink=true&amp;popIdx=true&amp;iswide=false&amp;border=true&amp;display_version=2\"><\/script><\/p>\n<\/div>\n<\/div>\n<p class=\"br\">&nbsp;<\/p>\n<h3>Unser Trekking-Tourangebote:<\/h3>\n<a id=\"opener-unter1\" class=\"opener\" href=\"javascript:mj_toggle_section('unter1')\">Annapurna<\/a>\n<div id='section-unter1' class='section clearfix'>\n<div class='cols3 cols  nomargin  clearfix'>\n<div class='col colspan '>\n<p><a href=\"http:\/\/www.adventuretrekking-nepal.com\/wp\/wp-content\/uploads\/thorang-la-Anapurna-Circuit1.jpg\"><img loading=\"lazy\" decoding=\"async\" class=\"alignnone size-medium wp-image-139\" src=\"http:\/\/www.adventuretrekking-nepal.com\/wp\/wp-content\/uploads\/thorang-la-Anapurna-Circuit1-550x367.jpg\" alt=\"\" width=\"550\" height=\"367\" \/><\/a><\/p>\n<\/div>\n<div class='col colspan2 last'>\n<p style=\"text-align: justify;\">Das Annapurna-Trekking f\u00fchrt Sie durch alle Klimazonen Nepals und w\u00e4hrend Sie das gewaltige Massiv der 8091m hohen Annapurna I umrunden, ver\u00e4ndert sich der Charakter der Landschaft ebenso wie die st\u00e4ndig wechselnden Blickwinkeln auf die Sch\u00f6nheiten der Hochgebirgsnatur.<\/p>\n<p><a class=\"button\" href=\"http:\/\/www.adventuretrekking-nepal.com\/de\/touren\/annapurna\/\">Lesen Sie mehr &#8230;<\/a><\/p>\n<\/div>\n<\/div>\n<\/div>\n<a id=\"opener-unter2\" class=\"opener\" href=\"javascript:mj_toggle_section('unter2')\">Dolpa<\/a>\n<div id='section-unter2' class='section clearfix'>\n<div class='cols3 cols  nomargin  clearfix'>\n<div class='col colspan '>\n<p><a href=\"http:\/\/www.adventuretrekking-nepal.com\/wp\/wp-content\/uploads\/dolpa-trek.jpg\"><img loading=\"lazy\" decoding=\"async\" class=\"alignnone size-medium wp-image-190\" src=\"http:\/\/www.adventuretrekking-nepal.com\/wp\/wp-content\/uploads\/dolpa-trek-550x367.jpg\" alt=\"\" width=\"550\" height=\"367\" \/><\/a><\/p>\n<\/div>\n<div class='col colspan2 last'>\n<p style=\"text-align: justify;\">Die Region Dolpa wurde erst 1989 f\u00fcr Trekkingtouren freigegeben. Daher ist sie noch kaum vom Tourismus beeinflusst. Es gibt keine ausgepr\u00e4gte touristische Infrastruktur mit Lodges und Restaurants \u2013 wohl auch deswegen h\u00e4lt sich die Zahl der Besucher in engen Grenzen. Wer sich jedoch auf das Abenteuer Dolpa einl\u00e4sst, erlebt Gro\u00dfartiges.<\/p>\n<p><a class=\"button\" href=\"http:\/\/www.adventuretrekking-nepal.com\/de\/touren\/himalaya\/\">Lesen Sie mehr &#8230;<\/a><\/p>\n<\/div>\n<\/div>\n<\/div>\n<a id=\"opener-unter3\" class=\"opener\" href=\"javascript:mj_toggle_section('unter3')\">Everest Region<\/a>\n<div id='section-unter3' class='section clearfix'>\n<div class='cols3 cols  nomargin  clearfix'>\n<div class='col colspan '>\n<p><a href=\"http:\/\/www.adventuretrekking-nepal.com\/wp\/wp-content\/uploads\/KhumjungValley123.jpg\"><img loading=\"lazy\" decoding=\"async\" class=\"alignnone size-medium wp-image-230\" src=\"http:\/\/www.adventuretrekking-nepal.com\/wp\/wp-content\/uploads\/KhumjungValley123-550x367.jpg\" alt=\"\" width=\"550\" height=\"367\" \/><\/a><\/p>\n<\/div>\n<div class='col colspan2 last'>\n<p style=\"text-align: justify;\">Wer tr\u00e4umt nicht davon, einmal den h\u00f6chsten Berg der Erde mit eigenen Augen zu sehen? Auf dieser Trekkingtour haben Sie den 8848m hohen Gipfel zum Greifen nah! Schon beim Anflug auf den spektakul\u00e4ren Gebirgsflugplatz Lukla kommen die eisgepanzerten Bergriesen des Himalaya ins Blickfeld und von da an geht es t\u00e4glich n\u00e4her heran.<\/p>\n<p><a class=\"button\" href=\"http:\/\/www.adventuretrekking-nepal.com\/de\/touren\/everest-region\/\">Lesen Sie mehr &#8230;<\/a><\/p>\n<\/div>\n<\/div>\n<\/div>\n<a id=\"opener-unter4\" class=\"opener\" href=\"javascript:mj_toggle_section('unter4')\">Langtang<\/a>\n<div id='section-unter4' class='section clearfix'>\n<div class='cols3 cols  nomargin  clearfix'>\n<div class='col colspan '>\n<p><a href=\"http:\/\/www.adventuretrekking-nepal.com\/wp\/wp-content\/uploads\/Langtang-Valley-trek.jpg\"><img loading=\"lazy\" decoding=\"async\" class=\"alignnone size-medium wp-image-62\" src=\"http:\/\/www.adventuretrekking-nepal.com\/wp\/wp-content\/uploads\/Langtang-Valley-trek-550x367.jpg\" alt=\"\" width=\"550\" height=\"367\" \/><\/a><\/p>\n<\/div>\n<div class='col colspan2 last'>\n<p style=\"text-align: justify;\">Das Langtang-Gebiet mit seinen eisgepanzerten 6.000- und 7.000ern des Himalaya-Hauptkammes bietet \u2013 direkt vor den Toren von Kathmandu gelegen \u2013 Trekkingvergn\u00fcgen ohne lange Anfahrt, aber mit vollem Erlebniswert!<\/p>\n<p><a class=\"button\" href=\"http:\/\/www.adventuretrekking-nepal.com\/de\/touren\/langtang\/\">Lesen Sie mehr &#8230;<\/a><\/p>\n<\/div>\n<\/div>\n<\/div>\n<a id=\"opener-unter5\" class=\"opener\" href=\"javascript:mj_toggle_section('unter5')\">Manaslu Region<\/a>\n<div id='section-unter5' class='section clearfix'>\n<div class='cols3 cols  nomargin  clearfix'>\n<div class='col colspan '>\n<p><a href=\"http:\/\/www.adventuretrekking-nepal.com\/wp\/wp-content\/uploads\/Manslu-Curcuit-1.jpg\"><img loading=\"lazy\" decoding=\"async\" class=\"alignnone size-medium wp-image-210\" src=\"http:\/\/www.adventuretrekking-nepal.com\/wp\/wp-content\/uploads\/Manslu-Curcuit-1-550x367.jpg\" alt=\"\" width=\"550\" height=\"367\" \/><\/a><\/p>\n<\/div>\n<div class='col colspan2 last'>\n<p style=\"text-align: justify;\">Der achth\u00f6chste Berg der Erde, der Manaslu (8163m), geh\u00f6rte bis in die 50er Jahre hinein zu den weniger erforschten Gipfeln \u00fcber 8000m H\u00f6he. Heutzutage ist der Trail zumindest schon in den Grundz\u00fcgen touristisch erschlossen. Trotzdem gilt er weiterhin als Geheimtipp. Der Name \u201eManaslu\u201d kommt aus dem Sanskrit und bedeutet soviel wie Berg der Seele. Vielleicht sogar deswegen, weil sich die Stille der Abgeschiedenheit hier wie ein Schleier \u00fcber die Gipfel legt.<\/p>\n<p><a class=\"button\" href=\"http:\/\/www.adventuretrekking-nepal.com\/de\/touren\/manaslu-region\/\">Lesen Sie mehr &#8230;<\/a><\/p>\n<\/div>\n<\/div>\n<\/div>\n<a id=\"opener-unter6\" class=\"opener\" href=\"javascript:mj_toggle_section('unter6')\">Gipfelbesteigungen<\/a>\n<div id='section-unter6' class='section clearfix'>\n<div class='cols3 cols  nomargin  clearfix'>\n<div class='col colspan '>\n<p><a href=\"http:\/\/www.adventuretrekking-nepal.com\/wp\/wp-content\/uploads\/Island-peak-123.jpg\"><img loading=\"lazy\" decoding=\"async\" class=\"alignnone size-medium wp-image-281\" src=\"http:\/\/www.adventuretrekking-nepal.com\/wp\/wp-content\/uploads\/Island-peak-123-550x367.jpg\" alt=\"\" width=\"550\" height=\"367\" \/><\/a><\/p>\n<\/div>\n<div class='col colspan2 last'>\n<p style=\"text-align: justify;\">Wer h\u00e4tte nicht schon mal davon getr\u00e4umt, einmal auf dem Gipfel eines 6- oder gar 7000ers zu stehen oder erschauernd in den dampfenden Krater eines Vulkans zu blicken? Nepal bietet Bergsteigern ein vielf\u00e4ltiges Angebot, Gipfel \u00fcber 6000m zu erklimmen und auf Expedition zu gehen.<\/p>\n<p><a class=\"button\" href=\"http:\/\/www.adventuretrekking-nepal.com\/de\/touren\/peak-climbing\/\">Lesen Sie mehr &#8230;<\/a><\/p>\n<\/div>\n<\/div>\n<\/div>\n<a id=\"opener-unter7\" class=\"opener\" href=\"javascript:mj_toggle_section('unter7')\">Uppermustang Trek<\/a>\n<div id='section-unter7' class='section clearfix'>\n<div class='cols3 cols  nomargin  clearfix'>\n<div class='col colspan '>\n<p><a href=\"http:\/\/www.adventuretrekking-nepal.com\/wp\/wp-content\/uploads\/Slider3-1.jpg\"><img loading=\"lazy\" decoding=\"async\" class=\"alignnone wp-image-530 size-medium\" src=\"http:\/\/www.adventuretrekking-nepal.com\/wp\/wp-content\/uploads\/Slider3-1-550x367.jpg\" alt=\"\" width=\"550\" height=\"367\" \/><\/a><\/p>\n<\/div>\n<div class='col colspan2 last'>\n<p>Noch vor wenigen Jahren war das ehemalige K\u00f6nigreich Mustang f\u00fcr Touristen \u00fcberhaupt nicht zug\u00e4nglich. Erst 1991 wurde die landschaftlich und ethnologisch, eher wie ein Teil Tibets wirkende Region, f\u00fcr den Tourismus ge\u00f6ffnet und seitdem kommen nur sehr wenige Touristen in die kargen Hocht\u00e4ler.<\/p>\n<p><a class=\"button\" href=\"http:\/\/www.adventuretrekking-nepal.com\/de\/touren\/uppermustang-trek\/\">Lesen Sie mehr &#8230;<\/a><\/p>\n<\/div>\n<\/div>\n<\/div>\n<\/div> <\/div>\n<div><\/div>\n<div>\n<div><\/div>\n<\/div>\n<\/p><input class=\"fooboxshare_post_id\" type=\"hidden\" value=\"7\"\/>","protected":false},"excerpt":{"rendered":"","protected":false},"author":4,"featured_media":1398,"parent":0,"menu_order":2,"comment_status":"closed","ping_status":"closed","template":"","meta":{"footnotes":""},"class_list":["post-7","page","type-page","status-publish","has-post-thumbnail","hentry"],"yoast_head":"<!-- This site is optimized with the Yoast SEO plugin v27.4 - https:\/\/yoast.com\/product\/yoast-seo-wordpress\/ -->\n<title>Home - Pinnacle Treks &amp; expedition - Adventure Trekking Nepal<\/title>\n<meta name=\"robots\" content=\"index, follow, max-snippet:-1, max-image-preview:large, max-video-preview:-1\" \/>\n<link rel=\"canonical\" href=\"http:\/\/www.adventuretrekking-nepal.com\/de\/\" \/>\n<meta property=\"og:locale\" content=\"de_DE\" \/>\n<meta property=\"og:type\" content=\"article\" \/>\n<meta property=\"og:title\" content=\"Home - Pinnacle Treks &amp; expedition - Adventure Trekking Nepal\" \/>\n<meta property=\"og:url\" content=\"http:\/\/www.adventuretrekking-nepal.com\/de\/\" \/>\n<meta property=\"og:site_name\" content=\"Pinnacle Treks &amp; expedition - Adventure Trekking Nepal\" \/>\n<meta property=\"article:modified_time\" content=\"2018-06-16T07:20:02+00:00\" \/>\n<meta property=\"og:image\" content=\"http:\/\/www.adventuretrekking-nepal.com\/wp\/wp-content\/uploads\/IMG_5005639.jpg\" \/>\n\t<meta property=\"og:image:width\" content=\"640\" \/>\n\t<meta property=\"og:image:height\" content=\"480\" \/>\n\t<meta property=\"og:image:type\" content=\"image\/jpeg\" \/>\n<meta name=\"twitter:card\" content=\"summary_large_image\" \/>\n<meta name=\"twitter:label1\" content=\"Gesch\u00e4tzte Lesezeit\" \/>\n\t<meta name=\"twitter:data1\" content=\"4\u00a0Minuten\" \/>\n<script type=\"application\/ld+json\" class=\"yoast-schema-graph\">{\"@context\":\"https:\\\/\\\/schema.org\",\"@graph\":[{\"@type\":\"WebPage\",\"@id\":\"http:\\\/\\\/www.adventuretrekking-nepal.com\\\/de\\\/\",\"url\":\"http:\\\/\\\/www.adventuretrekking-nepal.com\\\/de\\\/\",\"name\":\"Home - Pinnacle Treks &amp; expedition - Adventure Trekking Nepal\",\"isPartOf\":{\"@id\":\"http:\\\/\\\/www.adventuretrekking-nepal.com\\\/#website\"},\"primaryImageOfPage\":{\"@id\":\"http:\\\/\\\/www.adventuretrekking-nepal.com\\\/de\\\/#primaryimage\"},\"image\":{\"@id\":\"http:\\\/\\\/www.adventuretrekking-nepal.com\\\/de\\\/#primaryimage\"},\"thumbnailUrl\":\"http:\\\/\\\/www.adventuretrekking-nepal.com\\\/wp\\\/wp-content\\\/uploads\\\/IMG_5005639.jpg\",\"datePublished\":\"2017-01-19T14:19:37+00:00\",\"dateModified\":\"2018-06-16T07:20:02+00:00\",\"breadcrumb\":{\"@id\":\"http:\\\/\\\/www.adventuretrekking-nepal.com\\\/de\\\/#breadcrumb\"},\"inLanguage\":\"de\",\"potentialAction\":[{\"@type\":\"ReadAction\",\"target\":[\"http:\\\/\\\/www.adventuretrekking-nepal.com\\\/de\\\/\"]}]},{\"@type\":\"ImageObject\",\"inLanguage\":\"de\",\"@id\":\"http:\\\/\\\/www.adventuretrekking-nepal.com\\\/de\\\/#primaryimage\",\"url\":\"http:\\\/\\\/www.adventuretrekking-nepal.com\\\/wp\\\/wp-content\\\/uploads\\\/IMG_5005639.jpg\",\"contentUrl\":\"http:\\\/\\\/www.adventuretrekking-nepal.com\\\/wp\\\/wp-content\\\/uploads\\\/IMG_5005639.jpg\",\"width\":640,\"height\":480,\"caption\":\"Pinnacle Treks and Expedition\"},{\"@type\":\"BreadcrumbList\",\"@id\":\"http:\\\/\\\/www.adventuretrekking-nepal.com\\\/de\\\/#breadcrumb\",\"itemListElement\":[{\"@type\":\"ListItem\",\"position\":1,\"name\":\"Startseite\",\"item\":\"http:\\\/\\\/www.adventuretrekking-nepal.com\\\/de\\\/\"},{\"@type\":\"ListItem\",\"position\":2,\"name\":\"Home\"}]},{\"@type\":\"WebSite\",\"@id\":\"http:\\\/\\\/www.adventuretrekking-nepal.com\\\/#website\",\"url\":\"http:\\\/\\\/www.adventuretrekking-nepal.com\\\/\",\"name\":\"Pinnacle Treks &amp; expedition - Adventure Trekking Nepal\",\"description\":\"Adventure Trekking Nepal - Annapurna, Dolpa, Everest Region, Langtang, Manaslu Region, Gipfelbesteigungen, Uppermustang trek - Pinnacle Treks &amp; expedition.\",\"potentialAction\":[{\"@type\":\"SearchAction\",\"target\":{\"@type\":\"EntryPoint\",\"urlTemplate\":\"http:\\\/\\\/www.adventuretrekking-nepal.com\\\/?s={search_term_string}\"},\"query-input\":{\"@type\":\"PropertyValueSpecification\",\"valueRequired\":true,\"valueName\":\"search_term_string\"}}],\"inLanguage\":\"de\"}]}<\/script>\n<!-- \/ Yoast SEO plugin. -->","yoast_head_json":{"title":"Home - Pinnacle Treks &amp; expedition - Adventure Trekking Nepal","robots":{"index":"index","follow":"follow","max-snippet":"max-snippet:-1","max-image-preview":"max-image-preview:large","max-video-preview":"max-video-preview:-1"},"canonical":"http:\/\/www.adventuretrekking-nepal.com\/de\/","og_locale":"de_DE","og_type":"article","og_title":"Home - Pinnacle Treks &amp; expedition - Adventure Trekking Nepal","og_url":"http:\/\/www.adventuretrekking-nepal.com\/de\/","og_site_name":"Pinnacle Treks &amp; expedition - Adventure Trekking Nepal","article_modified_time":"2018-06-16T07:20:02+00:00","og_image":[{"width":640,"height":480,"url":"http:\/\/www.adventuretrekking-nepal.com\/wp\/wp-content\/uploads\/IMG_5005639.jpg","type":"image\/jpeg"}],"twitter_card":"summary_large_image","twitter_misc":{"Gesch\u00e4tzte Lesezeit":"4\u00a0Minuten"},"schema":{"@context":"https:\/\/schema.org","@graph":[{"@type":"WebPage","@id":"http:\/\/www.adventuretrekking-nepal.com\/de\/","url":"http:\/\/www.adventuretrekking-nepal.com\/de\/","name":"Home - Pinnacle Treks &amp; expedition - Adventure Trekking Nepal","isPartOf":{"@id":"http:\/\/www.adventuretrekking-nepal.com\/#website"},"primaryImageOfPage":{"@id":"http:\/\/www.adventuretrekking-nepal.com\/de\/#primaryimage"},"image":{"@id":"http:\/\/www.adventuretrekking-nepal.com\/de\/#primaryimage"},"thumbnailUrl":"http:\/\/www.adventuretrekking-nepal.com\/wp\/wp-content\/uploads\/IMG_5005639.jpg","datePublished":"2017-01-19T14:19:37+00:00","dateModified":"2018-06-16T07:20:02+00:00","breadcrumb":{"@id":"http:\/\/www.adventuretrekking-nepal.com\/de\/#breadcrumb"},"inLanguage":"de","potentialAction":[{"@type":"ReadAction","target":["http:\/\/www.adventuretrekking-nepal.com\/de\/"]}]},{"@type":"ImageObject","inLanguage":"de","@id":"http:\/\/www.adventuretrekking-nepal.com\/de\/#primaryimage","url":"http:\/\/www.adventuretrekking-nepal.com\/wp\/wp-content\/uploads\/IMG_5005639.jpg","contentUrl":"http:\/\/www.adventuretrekking-nepal.com\/wp\/wp-content\/uploads\/IMG_5005639.jpg","width":640,"height":480,"caption":"Pinnacle Treks and Expedition"},{"@type":"BreadcrumbList","@id":"http:\/\/www.adventuretrekking-nepal.com\/de\/#breadcrumb","itemListElement":[{"@type":"ListItem","position":1,"name":"Startseite","item":"http:\/\/www.adventuretrekking-nepal.com\/de\/"},{"@type":"ListItem","position":2,"name":"Home"}]},{"@type":"WebSite","@id":"http:\/\/www.adventuretrekking-nepal.com\/#website","url":"http:\/\/www.adventuretrekking-nepal.com\/","name":"Pinnacle Treks &amp; expedition - Adventure Trekking Nepal","description":"Adventure Trekking Nepal - Annapurna, Dolpa, Everest Region, Langtang, Manaslu Region, Gipfelbesteigungen, Uppermustang trek - Pinnacle Treks &amp; expedition.","potentialAction":[{"@type":"SearchAction","target":{"@type":"EntryPoint","urlTemplate":"http:\/\/www.adventuretrekking-nepal.com\/?s={search_term_string}"},"query-input":{"@type":"PropertyValueSpecification","valueRequired":true,"valueName":"search_term_string"}}],"inLanguage":"de"}]}},"_links":{"self":[{"href":"http:\/\/www.adventuretrekking-nepal.com\/de\/wp-json\/wp\/v2\/pages\/7","targetHints":{"allow":["GET"]}}],"collection":[{"href":"http:\/\/www.adventuretrekking-nepal.com\/de\/wp-json\/wp\/v2\/pages"}],"about":[{"href":"http:\/\/www.adventuretrekking-nepal.com\/de\/wp-json\/wp\/v2\/types\/page"}],"author":[{"embeddable":true,"href":"http:\/\/www.adventuretrekking-nepal.com\/de\/wp-json\/wp\/v2\/users\/4"}],"replies":[{"embeddable":true,"href":"http:\/\/www.adventuretrekking-nepal.com\/de\/wp-json\/wp\/v2\/comments?post=7"}],"version-history":[{"count":11,"href":"http:\/\/www.adventuretrekking-nepal.com\/de\/wp-json\/wp\/v2\/pages\/7\/revisions"}],"predecessor-version":[{"id":1461,"href":"http:\/\/www.adventuretrekking-nepal.com\/de\/wp-json\/wp\/v2\/pages\/7\/revisions\/1461"}],"wp:featuredmedia":[{"embeddable":true,"href":"http:\/\/www.adventuretrekking-nepal.com\/de\/wp-json\/wp\/v2\/media\/1398"}],"wp:attachment":[{"href":"http:\/\/www.adventuretrekking-nepal.com\/de\/wp-json\/wp\/v2\/media?parent=7"}],"curies":[{"name":"wp","href":"https:\/\/api.w.org\/{rel}","templated":true}]}}