












{"id":57,"date":"2017-06-19T11:48:53","date_gmt":"2017-06-19T09:48:53","guid":{"rendered":"http:\/\/www.adventuretrekking-nepal.com\/?page_id=57"},"modified":"2017-08-10T12:33:47","modified_gmt":"2017-08-10T10:33:47","slug":"annapurna","status":"publish","type":"page","link":"http:\/\/www.adventuretrekking-nepal.com\/de\/touren\/annapurna\/","title":{"rendered":"Annapurna"},"content":{"rendered":"<div id=\"metaslider-id-129\" style=\"width: 100%;\" class=\"ml-slider-3-108-0 ml-slider-pro-2-56-0 metaslider metaslider-flex metaslider-129 ml-slider ms-theme-default nav-hidden\" role=\"region\" aria-label=\"Annapurna\" data-height=\"500\" data-width=\"2400\">\n    <div id=\"metaslider_container_129\">\n        <div id=\"metaslider_129\">\n            <ul class='slides'>\n                <li style=\"display: block; width: 100%;\" class=\"slide-133 ms-image \" aria-roledescription=\"slide\" data-date=\"2017-06-28 09:47:27\" data-filename=\"thorang-la-Anapurna-Circuit.jpg\" data-slide-type=\"image\"><img loading=\"lazy\" decoding=\"async\" src=\"http:\/\/www.adventuretrekking-nepal.com\/wp\/wp-content\/uploads\/thorang-la-Anapurna-Circuit.jpg\" height=\"500\" width=\"2400\" alt=\"\" class=\"slider-129 slide-133 msDefaultImage\" \/><\/li>\n                <li style=\"display: none; width: 100%;\" class=\"slide-132 ms-image \" aria-roledescription=\"slide\" data-date=\"2017-06-28 09:47:27\" data-filename=\"mardi-himal.jpg\" data-slide-type=\"image\"><img loading=\"lazy\" decoding=\"async\" src=\"http:\/\/www.adventuretrekking-nepal.com\/wp\/wp-content\/uploads\/mardi-himal.jpg\" height=\"500\" width=\"2400\" alt=\"\" class=\"slider-129 slide-132 msDefaultImage\" \/><\/li>\n            <\/ul>\n        <\/div>\n        \n    <\/div>\n<\/div>\n<div class='conblock con-default  clearfix' style=''><div class='conblock-inner'>\n<h1>Annapurna<\/h1>\n<p style=\"text-align: justify;\">Die Annapurna (Nepali: \u0905\u0928\u094d\u0928\u092a\u0942\u0930\u094d\u0923 Annap\u016br\u1e47a, fr\u00fcher auch Morshiadi) ist ein Achttausender im Himalaya in Nepal. Mit 8091m ist die Annapurna der zehnth\u00f6chste Berg der Welt.<\/p>\n<p style=\"text-align: justify;\">Die Annapurna ist der Hauptgipfel des Annapurna Himal und wird zur Abgrenzung von benachbarten Bergen auch Annapurna I genannt. Das ganze Gebirgsmassiv erstreckt sich in west\u00f6stliche Richtung und besteht aus mehreren selbstst\u00e4ndigen Bergen (Annapurna I, Annapurna II, Annapurna III und weitere).<\/p>\n<p style=\"text-align: justify;\">Annapurna I befindet sich am westlichen Ende der Bergkette, die dort nach S\u00fcden abknickt und in der Annapurna S\u00fcd ihren Abschluss findet. \u00d6stlich des Hauptgipfels zweigt ein weiterer Grat nach S\u00fcden ab, der sich schlie\u00dflich zum 6993m hohen Machapuchar\u00e9 erhebt. Die S\u00fcdwand der Annapurna I und die Grate zur Annapurna S\u00fcd bzw. zum Machapuchar\u00e9 rahmen einen abgeschiedenen Bergkessel ein, das sogenannte Annapurna Sanctuary (Heiligtum). Dort liegt das Basislager, das sogenannte Annapurna Base Camp (ABC, rund 4200m). Auf dem Weg dorthin befindet sich das Machapuchare Base Camp (MBC, rund 4000m).<\/p>\n<h3>Unser Tourenangebot:<\/h3>\n\n\n    <a name=\"anchor-annapurna\" class=\"anchor anchor2\"><\/a>\n\n    <ul id=\"articles-annapurna\" class=\"articles cols3 cols gap0 clearfix \">\n\n\n            <li class=\"entry col clearfix\">\n    \n            <a href=\"http:\/\/www.adventuretrekking-nepal.com\/de\/annapurna-base-camp-trek\/\">    \n    <div class=\"pic\">\n        <div class=\"picbox\">\n            <img loading=\"lazy\" decoding=\"async\" width=\"600\" height=\"400\" src=\"http:\/\/www.adventuretrekking-nepal.com\/wp\/wp-content\/uploads\/annapurna-base-camp-600x400.jpg\" class=\"attachment-articlepic size-articlepic wp-post-image\" alt=\"\" \/>        <\/div>\n    <\/div>\n\n    <div class=\"desc noexcerpt \" style=\"height: 80px !important\">\n        <h4>Annapurna base camp trek<\/h4>\n        <div class=\"excerpt\">\n            <p>Trekking Facts Trek Name: Annapurna base camp Best Season: Autumn (Sep to Dec) &amp; Spring (Feb to May) Transportation: By tourist Vehicles (bus, Car, Van) flight \u00a0Accommodation: \u00a0Tea house \/Camping \u00a0Grade: \u00a0Strenuous Trek Highest Point: 4200m Duration: 12 Days Group Size: Min 1 to Max 10 Culture: Gurung, Magar, Himalayan Sights: Annapurna, Dhaulagiri and Fishtail [&hellip;]<\/p>        <\/div>\n    <\/div>\n\n            <\/a>\n    \n    <\/li>\n\n    \n            <li class=\"entry col clearfix\">\n    \n            <a href=\"http:\/\/www.adventuretrekking-nepal.com\/de\/annapurna-circuit-trek\/\">    \n    <div class=\"pic\">\n        <div class=\"picbox\">\n            <img loading=\"lazy\" decoding=\"async\" width=\"600\" height=\"400\" src=\"http:\/\/www.adventuretrekking-nepal.com\/wp\/wp-content\/uploads\/thorang-la-Anapurna-Circuit1-600x400.jpg\" class=\"attachment-articlepic size-articlepic wp-post-image\" alt=\"\" \/>        <\/div>\n    <\/div>\n\n    <div class=\"desc noexcerpt \" style=\"height: 80px !important\">\n        <h4>Annapurna circuit trek<\/h4>\n        <div class=\"excerpt\">\n            <p>Trekking Facts Trek Name: Annapurna Circuit Best Season: Autumn (Sep to Dec) &amp; Spring (Feb to May) Transportation: By tourist Vehicles (bus, Car, Van) Accommodation: Tea house \/Camping Grade: Strenuous Trek Highest Point: 5416m Duration: 18 Days Group Size: Min 1 to Max 10 Culture: Gurung, Magar, Thakali Himalayan Sights: Annapurna, Dhaulagiri and Fishtail Attraction: [&hellip;]<\/p>        <\/div>\n    <\/div>\n\n            <\/a>\n    \n    <\/li>\n\n    \n            <li class=\"entry col clearfix\">\n    \n            <a href=\"http:\/\/www.adventuretrekking-nepal.com\/de\/ghorepani-poonhill-trek\/\">    \n    <div class=\"pic\">\n        <div class=\"picbox\">\n            <img loading=\"lazy\" decoding=\"async\" width=\"600\" height=\"400\" src=\"http:\/\/www.adventuretrekking-nepal.com\/wp\/wp-content\/uploads\/mardi-himal1-600x400.jpg\" class=\"attachment-articlepic size-articlepic wp-post-image\" alt=\"\" \/>        <\/div>\n    <\/div>\n\n    <div class=\"desc noexcerpt \" style=\"height: 80px !important\">\n        <h4>Ghorepani poonhill trek<\/h4>\n        <div class=\"excerpt\">\n                    <\/div>\n    <\/div>\n\n            <\/a>\n    \n    <\/li>\n\n    \n            <li class=\"entry col clearfix\">\n    \n            <a href=\"http:\/\/www.adventuretrekking-nepal.com\/de\/kaligandagi-muktinath-trek\/\">    \n    <div class=\"pic\">\n        <div class=\"picbox\">\n            <img loading=\"lazy\" decoding=\"async\" width=\"600\" height=\"400\" src=\"http:\/\/www.adventuretrekking-nepal.com\/wp\/wp-content\/uploads\/kaligandagi-muktinath-trek-pic-600x400.jpg\" class=\"attachment-articlepic size-articlepic wp-post-image\" alt=\"\" \/>        <\/div>\n    <\/div>\n\n    <div class=\"desc noexcerpt \" style=\"height: 80px !important\">\n        <h4>Kaligandagi muktinath trek<\/h4>\n        <div class=\"excerpt\">\n                    <\/div>\n    <\/div>\n\n            <\/a>\n    \n    <\/li>\n\n    \n            <li class=\"entry col clearfix\">\n    \n            <a href=\"http:\/\/www.adventuretrekking-nepal.com\/de\/mardi-himal-trek\/\">    \n    <div class=\"pic\">\n        <div class=\"picbox\">\n            <img loading=\"lazy\" decoding=\"async\" width=\"600\" height=\"400\" src=\"http:\/\/www.adventuretrekking-nepal.com\/wp\/wp-content\/uploads\/mardi-himal1-600x400.jpg\" class=\"attachment-articlepic size-articlepic wp-post-image\" alt=\"\" \/>        <\/div>\n    <\/div>\n\n    <div class=\"desc noexcerpt \" style=\"height: 80px !important\">\n        <h4>Mardi Himal Trek<\/h4>\n        <div class=\"excerpt\">\n            <p>&nbsp;<\/p>        <\/div>\n    <\/div>\n\n            <\/a>\n    \n    <\/li>\n\n    \n            <li class=\"entry col clearfix\">\n    \n            <a href=\"http:\/\/www.adventuretrekking-nepal.com\/de\/royal-trek\/\">    \n    <div class=\"pic\">\n        <div class=\"picbox\">\n            <img loading=\"lazy\" decoding=\"async\" width=\"600\" height=\"400\" src=\"http:\/\/www.adventuretrekking-nepal.com\/wp\/wp-content\/uploads\/royal-trek-pic-600x400.jpg\" class=\"attachment-articlepic size-articlepic wp-post-image\" alt=\"\" \/>        <\/div>\n    <\/div>\n\n    <div class=\"desc noexcerpt \" style=\"height: 80px !important\">\n        <h4>Royal trek<\/h4>\n        <div class=\"excerpt\">\n                    <\/div>\n    <\/div>\n\n            <\/a>\n    \n    <\/li>\n\n        <\/ul>\n\n\n\n<h3>Bildergalerie:<\/h3>\n<style type=\"text\/css\">\n\t#foogallery-gallery-136 .fg-image {\n        width: 265px;\n    }\n<\/style>\n\t\t\t\t<div class=\"foogallery foogallery-container foogallery-default foogallery-lightbox-foobox fg-gutter-10 fg-center fg-default fg-light fg-loading-default fg-loaded-fade-in fg-hover-fade fg-hover-zoom fg-ready\" id=\"foogallery-gallery-136\" data-foogallery=\"{&quot;item&quot;:{&quot;showCaptionTitle&quot;:true,&quot;showCaptionDescription&quot;:false},&quot;lazy&quot;:true}\" >\n\t<div class=\"fg-item fg-type-image fg-idle\"><figure class=\"fg-item-inner\"><a href=\"http:\/\/www.adventuretrekking-nepal.com\/wp\/wp-content\/uploads\/Mardi_Himal_Trek.jpg\" data-attachment-id=\"137\" data-type=\"image\" class=\"fg-thumb\"><span class=\"fg-image-wrap\"><img decoding=\"async\" width=\"265\" height=\"185\" class=\"skip-lazy fg-image\" data-src-fg=\"http:\/\/www.adventuretrekking-nepal.com\/wp\/wp-content\/uploads\/cache\/Mardi_Himal_Trek\/1223579972.jpg\" src=\"data:image\/svg+xml,%3Csvg%20xmlns%3D%22http%3A%2F%2Fwww.w3.org%2F2000%2Fsvg%22%20width%3D%22265%22%20height%3D%22185%22%20viewBox%3D%220%200%20265%20185%22%3E%3C%2Fsvg%3E\" loading=\"eager\"><\/span><span class=\"fg-image-overlay\"><\/span><\/a><figcaption class=\"fg-caption\"><div class=\"fg-caption-inner\"><\/div><\/figcaption><\/figure><div class=\"fg-loader\"><\/div><\/div><div class=\"fg-item fg-type-image fg-idle\"><figure class=\"fg-item-inner\"><a href=\"http:\/\/www.adventuretrekking-nepal.com\/wp\/wp-content\/uploads\/royal-trek-pic.jpg\" data-attachment-id=\"167\" data-type=\"image\" class=\"fg-thumb\"><span class=\"fg-image-wrap\"><img decoding=\"async\" width=\"265\" height=\"185\" class=\"skip-lazy fg-image\" data-src-fg=\"http:\/\/www.adventuretrekking-nepal.com\/wp\/wp-content\/uploads\/cache\/royal-trek-pic\/293877857.jpg\" src=\"data:image\/svg+xml,%3Csvg%20xmlns%3D%22http%3A%2F%2Fwww.w3.org%2F2000%2Fsvg%22%20width%3D%22265%22%20height%3D%22185%22%20viewBox%3D%220%200%20265%20185%22%3E%3C%2Fsvg%3E\" loading=\"eager\"><\/span><span class=\"fg-image-overlay\"><\/span><\/a><figcaption class=\"fg-caption\"><div class=\"fg-caption-inner\"><\/div><\/figcaption><\/figure><div class=\"fg-loader\"><\/div><\/div><div class=\"fg-item fg-type-image fg-idle\"><figure class=\"fg-item-inner\"><a href=\"http:\/\/www.adventuretrekking-nepal.com\/wp\/wp-content\/uploads\/thorang-la-Anapurna-Circuit1.jpg\" data-attachment-id=\"139\" data-type=\"image\" class=\"fg-thumb\"><span class=\"fg-image-wrap\"><img decoding=\"async\" width=\"265\" height=\"185\" class=\"skip-lazy fg-image\" data-src-fg=\"http:\/\/www.adventuretrekking-nepal.com\/wp\/wp-content\/uploads\/cache\/thorang-la-Anapurna-Circuit1\/2497845433.jpg\" src=\"data:image\/svg+xml,%3Csvg%20xmlns%3D%22http%3A%2F%2Fwww.w3.org%2F2000%2Fsvg%22%20width%3D%22265%22%20height%3D%22185%22%20viewBox%3D%220%200%20265%20185%22%3E%3C%2Fsvg%3E\" loading=\"eager\"><\/span><span class=\"fg-image-overlay\"><\/span><\/a><figcaption class=\"fg-caption\"><div class=\"fg-caption-inner\"><\/div><\/figcaption><\/figure><div class=\"fg-loader\"><\/div><\/div><div class=\"fg-item fg-type-image fg-idle\"><figure class=\"fg-item-inner\"><a href=\"http:\/\/www.adventuretrekking-nepal.com\/wp\/wp-content\/uploads\/royale-trek-pic.jpg\" data-attachment-id=\"168\" data-type=\"image\" class=\"fg-thumb\"><span class=\"fg-image-wrap\"><img decoding=\"async\" width=\"265\" height=\"185\" class=\"skip-lazy fg-image\" data-src-fg=\"http:\/\/www.adventuretrekking-nepal.com\/wp\/wp-content\/uploads\/cache\/royale-trek-pic\/2691312637.jpg\" src=\"data:image\/svg+xml,%3Csvg%20xmlns%3D%22http%3A%2F%2Fwww.w3.org%2F2000%2Fsvg%22%20width%3D%22265%22%20height%3D%22185%22%20viewBox%3D%220%200%20265%20185%22%3E%3C%2Fsvg%3E\" loading=\"eager\"><\/span><span class=\"fg-image-overlay\"><\/span><\/a><figcaption class=\"fg-caption\"><div class=\"fg-caption-inner\"><\/div><\/figcaption><\/figure><div class=\"fg-loader\"><\/div><\/div><div class=\"fg-item fg-type-image fg-idle\"><figure class=\"fg-item-inner\"><a href=\"http:\/\/www.adventuretrekking-nepal.com\/wp\/wp-content\/uploads\/kaligandagi-muktinath-trek-pic.jpg\" data-attachment-id=\"165\" data-type=\"image\" class=\"fg-thumb\"><span class=\"fg-image-wrap\"><img decoding=\"async\" width=\"265\" height=\"185\" class=\"skip-lazy fg-image\" data-src-fg=\"http:\/\/www.adventuretrekking-nepal.com\/wp\/wp-content\/uploads\/cache\/kaligandagi-muktinath-trek-pic\/955126971.jpg\" src=\"data:image\/svg+xml,%3Csvg%20xmlns%3D%22http%3A%2F%2Fwww.w3.org%2F2000%2Fsvg%22%20width%3D%22265%22%20height%3D%22185%22%20viewBox%3D%220%200%20265%20185%22%3E%3C%2Fsvg%3E\" loading=\"eager\"><\/span><span class=\"fg-image-overlay\"><\/span><\/a><figcaption class=\"fg-caption\"><div class=\"fg-caption-inner\"><\/div><\/figcaption><\/figure><div class=\"fg-loader\"><\/div><\/div><\/div>\n\n<\/div> <\/div>\n<div id=\"slide-bg1\" class=\"normalSlide\">\n\t\n\t\t<div class=\"bcg\"\n        data-center=\"background-position: 50% 0px;\"\n        data-top-bottom=\"background-position: 50% -150px;\"\n        data-anchor-target=\"#slide-bg1\" \n        style=\"background-image: url('http:\/\/www.adventuretrekking-nepal.com\/wp\/wp-content\/uploads\/iStock-499630236-1-1.jpg'); background-color: ; height: 300px;\" \n\t\t><div class=\"hsContainer\">\n            <div class=\"hsContent\" \n                data-center=\"opacity: 1;\"\n                data-top-bottom=\"opacity: 1;\" \n                data-anchor-target=\"#slide-bg1\"\n            >\n                <div class=\"slideText\" style=\"max-width: 100%; color: #ffffff\"><\/div>\n            <\/div>\n        <\/div>\n    <\/div>\n\t<\/div>\n\t\n<\/p>","protected":false},"excerpt":{"rendered":"","protected":false},"author":4,"featured_media":0,"parent":51,"menu_order":9,"comment_status":"closed","ping_status":"closed","template":"","meta":{"footnotes":""},"class_list":["post-57","page","type-page","status-publish","hentry"],"yoast_head":"<!-- This site is optimized with the Yoast SEO plugin v27.4 - https:\/\/yoast.com\/product\/yoast-seo-wordpress\/ -->\n<title>Annapurna - Pinnacle Treks &amp; expedition - Adventure Trekking Nepal<\/title>\n<meta name=\"robots\" content=\"index, follow, max-snippet:-1, max-image-preview:large, max-video-preview:-1\" \/>\n<link rel=\"canonical\" href=\"http:\/\/www.adventuretrekking-nepal.com\/trekking-touren\/annapurna\/\" \/>\n<meta property=\"og:locale\" content=\"de_DE\" \/>\n<meta property=\"og:type\" content=\"article\" \/>\n<meta property=\"og:title\" content=\"Annapurna - Pinnacle Treks &amp; expedition - Adventure Trekking Nepal\" \/>\n<meta property=\"og:url\" content=\"http:\/\/www.adventuretrekking-nepal.com\/trekking-touren\/annapurna\/\" \/>\n<meta property=\"og:site_name\" content=\"Pinnacle Treks &amp; expedition - Adventure Trekking Nepal\" \/>\n<meta property=\"article:modified_time\" content=\"2017-08-10T10:33:47+00:00\" \/>\n<meta name=\"twitter:card\" content=\"summary_large_image\" \/>\n<meta name=\"twitter:label1\" content=\"Gesch\u00e4tzte Lesezeit\" \/>\n\t<meta name=\"twitter:data1\" content=\"1\u00a0Minute\" \/>\n<script type=\"application\/ld+json\" class=\"yoast-schema-graph\">{\"@context\":\"https:\\\/\\\/schema.org\",\"@graph\":[{\"@type\":\"WebPage\",\"@id\":\"http:\\\/\\\/www.adventuretrekking-nepal.com\\\/trekking-touren\\\/annapurna\\\/\",\"url\":\"http:\\\/\\\/www.adventuretrekking-nepal.com\\\/trekking-touren\\\/annapurna\\\/\",\"name\":\"Annapurna - Pinnacle Treks &amp; expedition - Adventure Trekking Nepal\",\"isPartOf\":{\"@id\":\"http:\\\/\\\/www.adventuretrekking-nepal.com\\\/#website\"},\"datePublished\":\"2017-06-19T09:48:53+00:00\",\"dateModified\":\"2017-08-10T10:33:47+00:00\",\"breadcrumb\":{\"@id\":\"http:\\\/\\\/www.adventuretrekking-nepal.com\\\/trekking-touren\\\/annapurna\\\/#breadcrumb\"},\"inLanguage\":\"de\",\"potentialAction\":[{\"@type\":\"ReadAction\",\"target\":[\"http:\\\/\\\/www.adventuretrekking-nepal.com\\\/trekking-touren\\\/annapurna\\\/\"]}]},{\"@type\":\"BreadcrumbList\",\"@id\":\"http:\\\/\\\/www.adventuretrekking-nepal.com\\\/trekking-touren\\\/annapurna\\\/#breadcrumb\",\"itemListElement\":[{\"@type\":\"ListItem\",\"position\":1,\"name\":\"Startseite\",\"item\":\"http:\\\/\\\/www.adventuretrekking-nepal.com\\\/de\\\/\"},{\"@type\":\"ListItem\",\"position\":2,\"name\":\"Trekking-Touren\",\"item\":\"http:\\\/\\\/www.adventuretrekking-nepal.com\\\/de\\\/touren\\\/\"},{\"@type\":\"ListItem\",\"position\":3,\"name\":\"Annapurna\"}]},{\"@type\":\"WebSite\",\"@id\":\"http:\\\/\\\/www.adventuretrekking-nepal.com\\\/#website\",\"url\":\"http:\\\/\\\/www.adventuretrekking-nepal.com\\\/\",\"name\":\"Pinnacle Treks &amp; expedition - Adventure Trekking Nepal\",\"description\":\"Adventure Trekking Nepal - Annapurna, Dolpa, Everest Region, Langtang, Manaslu Region, Gipfelbesteigungen, Uppermustang trek - Pinnacle Treks &amp; expedition.\",\"potentialAction\":[{\"@type\":\"SearchAction\",\"target\":{\"@type\":\"EntryPoint\",\"urlTemplate\":\"http:\\\/\\\/www.adventuretrekking-nepal.com\\\/?s={search_term_string}\"},\"query-input\":{\"@type\":\"PropertyValueSpecification\",\"valueRequired\":true,\"valueName\":\"search_term_string\"}}],\"inLanguage\":\"de\"}]}<\/script>\n<!-- \/ Yoast SEO plugin. -->","yoast_head_json":{"title":"Annapurna - Pinnacle Treks &amp; expedition - Adventure Trekking Nepal","robots":{"index":"index","follow":"follow","max-snippet":"max-snippet:-1","max-image-preview":"max-image-preview:large","max-video-preview":"max-video-preview:-1"},"canonical":"http:\/\/www.adventuretrekking-nepal.com\/trekking-touren\/annapurna\/","og_locale":"de_DE","og_type":"article","og_title":"Annapurna - Pinnacle Treks &amp; expedition - Adventure Trekking Nepal","og_url":"http:\/\/www.adventuretrekking-nepal.com\/trekking-touren\/annapurna\/","og_site_name":"Pinnacle Treks &amp; expedition - Adventure Trekking Nepal","article_modified_time":"2017-08-10T10:33:47+00:00","twitter_card":"summary_large_image","twitter_misc":{"Gesch\u00e4tzte Lesezeit":"1\u00a0Minute"},"schema":{"@context":"https:\/\/schema.org","@graph":[{"@type":"WebPage","@id":"http:\/\/www.adventuretrekking-nepal.com\/trekking-touren\/annapurna\/","url":"http:\/\/www.adventuretrekking-nepal.com\/trekking-touren\/annapurna\/","name":"Annapurna - Pinnacle Treks &amp; expedition - Adventure Trekking Nepal","isPartOf":{"@id":"http:\/\/www.adventuretrekking-nepal.com\/#website"},"datePublished":"2017-06-19T09:48:53+00:00","dateModified":"2017-08-10T10:33:47+00:00","breadcrumb":{"@id":"http:\/\/www.adventuretrekking-nepal.com\/trekking-touren\/annapurna\/#breadcrumb"},"inLanguage":"de","potentialAction":[{"@type":"ReadAction","target":["http:\/\/www.adventuretrekking-nepal.com\/trekking-touren\/annapurna\/"]}]},{"@type":"BreadcrumbList","@id":"http:\/\/www.adventuretrekking-nepal.com\/trekking-touren\/annapurna\/#breadcrumb","itemListElement":[{"@type":"ListItem","position":1,"name":"Startseite","item":"http:\/\/www.adventuretrekking-nepal.com\/de\/"},{"@type":"ListItem","position":2,"name":"Trekking-Touren","item":"http:\/\/www.adventuretrekking-nepal.com\/de\/touren\/"},{"@type":"ListItem","position":3,"name":"Annapurna"}]},{"@type":"WebSite","@id":"http:\/\/www.adventuretrekking-nepal.com\/#website","url":"http:\/\/www.adventuretrekking-nepal.com\/","name":"Pinnacle Treks &amp; expedition - Adventure Trekking Nepal","description":"Adventure Trekking Nepal - Annapurna, Dolpa, Everest Region, Langtang, Manaslu Region, Gipfelbesteigungen, Uppermustang trek - Pinnacle Treks &amp; expedition.","potentialAction":[{"@type":"SearchAction","target":{"@type":"EntryPoint","urlTemplate":"http:\/\/www.adventuretrekking-nepal.com\/?s={search_term_string}"},"query-input":{"@type":"PropertyValueSpecification","valueRequired":true,"valueName":"search_term_string"}}],"inLanguage":"de"}]}},"_links":{"self":[{"href":"http:\/\/www.adventuretrekking-nepal.com\/de\/wp-json\/wp\/v2\/pages\/57","targetHints":{"allow":["GET"]}}],"collection":[{"href":"http:\/\/www.adventuretrekking-nepal.com\/de\/wp-json\/wp\/v2\/pages"}],"about":[{"href":"http:\/\/www.adventuretrekking-nepal.com\/de\/wp-json\/wp\/v2\/types\/page"}],"author":[{"embeddable":true,"href":"http:\/\/www.adventuretrekking-nepal.com\/de\/wp-json\/wp\/v2\/users\/4"}],"replies":[{"embeddable":true,"href":"http:\/\/www.adventuretrekking-nepal.com\/de\/wp-json\/wp\/v2\/comments?post=57"}],"version-history":[{"count":10,"href":"http:\/\/www.adventuretrekking-nepal.com\/de\/wp-json\/wp\/v2\/pages\/57\/revisions"}],"predecessor-version":[{"id":1281,"href":"http:\/\/www.adventuretrekking-nepal.com\/de\/wp-json\/wp\/v2\/pages\/57\/revisions\/1281"}],"up":[{"embeddable":true,"href":"http:\/\/www.adventuretrekking-nepal.com\/de\/wp-json\/wp\/v2\/pages\/51"}],"wp:attachment":[{"href":"http:\/\/www.adventuretrekking-nepal.com\/de\/wp-json\/wp\/v2\/media?parent=57"}],"curies":[{"name":"wp","href":"https:\/\/api.w.org\/{rel}","templated":true}]}}