












{"id":51,"date":"2017-06-19T11:45:24","date_gmt":"2017-06-19T09:45:24","guid":{"rendered":"http:\/\/www.adventuretrekking-nepal.com\/?page_id=51"},"modified":"2018-06-16T09:27:24","modified_gmt":"2018-06-16T07:27:24","slug":"touren","status":"publish","type":"page","link":"http:\/\/www.adventuretrekking-nepal.com\/de\/touren\/","title":{"rendered":"Trekking-Touren"},"content":{"rendered":"<div id=\"metaslider-id-347\" style=\"width: 100%;\" class=\"ml-slider-3-107-0 ml-slider-pro-2-55-0 metaslider metaslider-flex metaslider-347 ml-slider ms-theme-default nav-hidden\" role=\"region\" aria-label=\"Unterseite\" data-height=\"500\" data-width=\"2400\">\n    <div id=\"metaslider_container_347\">\n        <div id=\"metaslider_347\">\n            <ul class='slides'>\n                <li style=\"display: block; width: 100%;\" class=\"slide-741 ms-image \" aria-roledescription=\"slide\" data-date=\"2017-07-07 07:31:04\" data-filename=\"iStock-642110938.jpg\" data-slide-type=\"image\"><img loading=\"lazy\" decoding=\"async\" src=\"http:\/\/www.adventuretrekking-nepal.com\/wp\/wp-content\/uploads\/iStock-642110938.jpg\" height=\"500\" width=\"2400\" alt=\"\" class=\"slider-347 slide-741 msDefaultImage\" \/><\/li>\n                <li style=\"display: none; width: 100%;\" class=\"slide-734 ms-image \" aria-roledescription=\"slide\" data-date=\"2017-07-07 07:31:04\" data-filename=\"iStock-468187838.jpg\" data-slide-type=\"image\"><img loading=\"lazy\" decoding=\"async\" src=\"http:\/\/www.adventuretrekking-nepal.com\/wp\/wp-content\/uploads\/iStock-468187838.jpg\" height=\"500\" width=\"2400\" alt=\"\" class=\"slider-347 slide-734 msDefaultImage\" \/><\/li>\n                <li style=\"display: none; width: 100%;\" class=\"slide-740 ms-image \" aria-roledescription=\"slide\" data-date=\"2017-07-07 07:31:04\" data-filename=\"iStock-584237980.jpg\" data-slide-type=\"image\"><img loading=\"lazy\" decoding=\"async\" src=\"http:\/\/www.adventuretrekking-nepal.com\/wp\/wp-content\/uploads\/iStock-584237980.jpg\" height=\"500\" width=\"2400\" alt=\"\" class=\"slider-347 slide-740 msDefaultImage\" \/><\/li>\n                <li style=\"display: none; width: 100%;\" class=\"slide-737 ms-image \" aria-roledescription=\"slide\" data-date=\"2017-07-07 07:31:04\" data-filename=\"iStock-499630236-1-2.jpg\" data-slide-type=\"image\"><img loading=\"lazy\" decoding=\"async\" src=\"http:\/\/www.adventuretrekking-nepal.com\/wp\/wp-content\/uploads\/iStock-499630236-1-2.jpg\" height=\"500\" width=\"2400\" alt=\"\" class=\"slider-347 slide-737 msDefaultImage\" \/><\/li>\n                <li style=\"display: none; width: 100%;\" class=\"slide-738 ms-image \" aria-roledescription=\"slide\" data-date=\"2017-07-07 07:31:04\" data-filename=\"iStock-511120826-1.jpg\" data-slide-type=\"image\"><img loading=\"lazy\" decoding=\"async\" src=\"http:\/\/www.adventuretrekking-nepal.com\/wp\/wp-content\/uploads\/iStock-511120826-1.jpg\" height=\"500\" width=\"2400\" alt=\"\" class=\"slider-347 slide-738 msDefaultImage\" \/><\/li>\n                <li style=\"display: none; width: 100%;\" class=\"slide-735 ms-image \" aria-roledescription=\"slide\" data-date=\"2017-07-07 07:31:04\" data-filename=\"iStock-474811408-1.jpg\" data-slide-type=\"image\"><img loading=\"lazy\" decoding=\"async\" src=\"http:\/\/www.adventuretrekking-nepal.com\/wp\/wp-content\/uploads\/iStock-474811408-1.jpg\" height=\"500\" width=\"2400\" alt=\"\" class=\"slider-347 slide-735 msDefaultImage\" \/><\/li>\n                <li style=\"display: none; width: 100%;\" class=\"slide-736 ms-image \" aria-roledescription=\"slide\" data-date=\"2017-07-07 07:31:04\" data-filename=\"iStock-497791034-1-1.jpg\" data-slide-type=\"image\"><img loading=\"lazy\" decoding=\"async\" src=\"http:\/\/www.adventuretrekking-nepal.com\/wp\/wp-content\/uploads\/iStock-497791034-1-1.jpg\" height=\"500\" width=\"2400\" alt=\"\" class=\"slider-347 slide-736 msDefaultImage\" \/><\/li>\n                <li style=\"display: none; width: 100%;\" class=\"slide-356 ms-image \" aria-roledescription=\"slide\" data-date=\"2017-06-28 12:36:47\" data-filename=\"mera-peak1-1.jpg\" data-slide-type=\"image\"><img loading=\"lazy\" decoding=\"async\" src=\"http:\/\/www.adventuretrekking-nepal.com\/wp\/wp-content\/uploads\/mera-peak1-1.jpg\" height=\"500\" width=\"2400\" alt=\"\" class=\"slider-347 slide-356 msDefaultImage\" \/><\/li>\n                <li style=\"display: none; width: 100%;\" class=\"slide-739 ms-image \" aria-roledescription=\"slide\" data-date=\"2017-07-07 07:31:04\" data-filename=\"iStock-577619662.jpg\" data-slide-type=\"image\"><img loading=\"lazy\" decoding=\"async\" src=\"http:\/\/www.adventuretrekking-nepal.com\/wp\/wp-content\/uploads\/iStock-577619662.jpg\" height=\"500\" width=\"2400\" alt=\"\" class=\"slider-347 slide-739 msDefaultImage\" \/><\/li>\n                <li style=\"display: none; width: 100%;\" class=\"slide-742 ms-image \" aria-roledescription=\"slide\" data-date=\"2017-07-07 07:31:04\" data-filename=\"iStock-649356260-1.jpg\" data-slide-type=\"image\"><img loading=\"lazy\" decoding=\"async\" src=\"http:\/\/www.adventuretrekking-nepal.com\/wp\/wp-content\/uploads\/iStock-649356260-1.jpg\" height=\"500\" width=\"2400\" alt=\"\" class=\"slider-347 slide-742 msDefaultImage\" \/><\/li>\n                <li style=\"display: none; width: 100%;\" class=\"slide-733 ms-image \" aria-roledescription=\"slide\" data-date=\"2017-07-07 07:31:04\" data-filename=\"iStock-155479110.jpg\" data-slide-type=\"image\"><img loading=\"lazy\" decoding=\"async\" src=\"http:\/\/www.adventuretrekking-nepal.com\/wp\/wp-content\/uploads\/iStock-155479110.jpg\" height=\"500\" width=\"2400\" alt=\"\" class=\"slider-347 slide-733 msDefaultImage\" \/><\/li>\n            <\/ul>\n        <\/div>\n        \n    <\/div>\n<\/div>\n<div class='conblock con-default  clearfix' style=''><div class='conblock-inner'>\n<h1>Trekking-Touren<\/h1>\n<h2>W\u00e4hlen Sie eine Region aus:<\/h2>\n<p>F\u00fcr Fragen zu unseren Angeboten, Touren oder f\u00fcr Informationen rund um Ihren Trekkingurlaub k\u00f6nnen Sie uns gerne unter der <strong>Telefonnummer +977 9851232836 <\/strong> kontaktieren oder schicken Sie mir Ihre Anfrage per E-Mail an:\u00a0<a href=\"mailto:&#x62;&#x6f;&#x67;&#x61;&#x74;&#x69;&#x40;&#x61;&#x64;&#x76;&#x65;&#x6e;&#x74;&#x75;&#x72;&#x65;&#x74;&#x72;&#x65;&#x6b;&#x6b;&#x69;&#x6e;&#x67;&#x2d;&#x6e;&#x65;&#x70;&#x61;&#x6c;&#x2e;&#x63;&#x6f;&#x6d;\">&#x62;&#x6f;&#x67;&#x61;&#x74;&#x69;&#x40;<span class=\"oe_displaynone\">null<\/span>&#x61;&#x64;&#x76;&#x65;&#x6e;&#x74;&#x75;&#x72;&#x65;&#x74;&#x72;&#x65;&#x6b;&#x6b;&#x69;&#x6e;&#x67;&#x2d;&#x6e;&#x65;&#x70;&#x61;&#x6c;&#x2e;&#x63;&#x6f;&#x6d;<\/a>\u00a0<\/p>\n<p class=\"br\">&nbsp;<\/p>\n<div class='cols3 cols  nomargin  clearfix'>\n<div class='col colspan '>\n<p><a href=\"http:\/\/www.adventuretrekking-nepal.com\/de\/touren\/annapurna\/\"><img loading=\"lazy\" decoding=\"async\" class=\"alignnone wp-image-139 size-medium\" src=\"http:\/\/www.adventuretrekking-nepal.com\/wp\/wp-content\/uploads\/thorang-la-Anapurna-Circuit1-550x367.jpg\" alt=\"\" width=\"550\" height=\"367\" \/><\/a><\/p>\n<p style=\"text-align: center;\"><a class=\"button\" href=\"http:\/\/www.adventuretrekking-nepal.com\/de\/touren\/annapurna\/\">Annapurna<\/a><\/p>\n<p style=\"text-align: center;\">\u00a0<\/p>\n<\/div>\n<div class='col colspan '>\n<p><a href=\"http:\/\/www.adventuretrekking-nepal.com\/de\/touren\/himalaya\/\"><img loading=\"lazy\" decoding=\"async\" class=\"alignnone wp-image-190 size-medium\" src=\"http:\/\/www.adventuretrekking-nepal.com\/wp\/wp-content\/uploads\/dolpa-trek-550x367.jpg\" alt=\"\" width=\"550\" height=\"367\" \/><\/a><\/p>\n<p style=\"text-align: center;\"><a class=\"button\" href=\"http:\/\/www.adventuretrekking-nepal.com\/de\/touren\/himalaya\/\">Dolpa<\/a><\/p>\n<p style=\"text-align: center;\">\u00a0<\/p>\n<\/div>\n<div class='col colspan '>\n<p><a href=\"http:\/\/www.adventuretrekking-nepal.com\/de\/touren\/everest-region\/\"><img loading=\"lazy\" decoding=\"async\" class=\"alignnone wp-image-137 size-medium\" src=\"http:\/\/www.adventuretrekking-nepal.com\/wp\/wp-content\/uploads\/IMG_4284-550x367.jpg\" alt=\"\" width=\"550\" height=\"367\" \/><\/a><\/p>\n<p style=\"text-align: center;\"><a class=\"button\" href=\"http:\/\/www.adventuretrekking-nepal.com\/de\/touren\/everest-region\/\">Everest Region<\/a><\/p>\n<p style=\"text-align: center;\">\u00a0<\/p>\n<\/div>\n<div class='col colspan '>\n<p><a href=\"http:\/\/www.adventuretrekking-nepal.com\/de\/touren\/langtang\/\"><img loading=\"lazy\" decoding=\"async\" class=\"alignnone wp-image-62 size-medium\" src=\"http:\/\/www.adventuretrekking-nepal.com\/wp\/wp-content\/uploads\/Langtang-Valley-trek-550x367.jpg\" alt=\"\" width=\"550\" height=\"367\" \/><\/a><\/p>\n<p style=\"text-align: center;\"><a class=\"button\" href=\"http:\/\/www.adventuretrekking-nepal.com\/de\/touren\/langtang\/\">Langtang<\/a><\/p>\n<p style=\"text-align: center;\">\u00a0<\/p>\n<\/div>\n<div class='col colspan '>\n<p><a href=\"http:\/\/www.adventuretrekking-nepal.com\/de\/touren\/manaslu-region\/\"><img loading=\"lazy\" decoding=\"async\" class=\"alignnone wp-image-210 size-medium\" src=\"http:\/\/www.adventuretrekking-nepal.com\/wp\/wp-content\/uploads\/Manslu-Curcuit-1-550x367.jpg\" alt=\"\" width=\"550\" height=\"367\" \/><\/a><\/p>\n<p style=\"text-align: center;\"><a class=\"button\" href=\"http:\/\/www.adventuretrekking-nepal.com\/de\/touren\/manaslu-region\/\">Manaslu Region<\/a><\/p>\n<p style=\"text-align: center;\">\u00a0<\/p>\n<\/div>\n<div class='col colspan '>\n<p><a href=\"http:\/\/www.adventuretrekking-nepal.com\/de\/touren\/peak-climbing\/\"><img loading=\"lazy\" decoding=\"async\" class=\"alignnone wp-image-283 size-medium\" src=\"http:\/\/www.adventuretrekking-nepal.com\/wp\/wp-content\/uploads\/lobuche-peak-123-550x367.jpg\" alt=\"\" width=\"550\" height=\"367\" \/><\/a><\/p>\n<p style=\"text-align: center;\"><a class=\"button\" href=\"http:\/\/www.adventuretrekking-nepal.com\/de\/touren\/peak-climbing\/\">Gipfelbesteigungen<\/a><\/p>\n<p style=\"text-align: center;\">\u00a0<\/p>\n<\/div>\n<div class='col colspan '>\n<p><a href=\"http:\/\/www.adventuretrekking-nepal.com\/de\/touren\/uppermustang-trek\/\"><img loading=\"lazy\" decoding=\"async\" class=\"alignnone wp-image-301 size-medium\" src=\"http:\/\/www.adventuretrekking-nepal.com\/wp\/wp-content\/uploads\/09-Tsarang-LoManthang014-550x367.jpg\" alt=\"\" width=\"550\" height=\"367\" \/><\/a><\/p>\n<p style=\"text-align: center;\"><a class=\"button\" href=\"http:\/\/www.adventuretrekking-nepal.com\/de\/touren\/uppermustang-trek\/\">Uppermustang trek<\/a><\/p>\n<\/div>\n<div class='col colspan last'>\n<p style=\"text-align: left;\">\u00a0<\/p>\n<\/div>\n<\/div>\n<\/div> <\/div>\n<div id=\"slide-bg1\" class=\"normalSlide\">\n\t\n\t\t<div class=\"bcg\"\n        data-center=\"background-position: 50% 0px;\"\n        data-top-bottom=\"background-position: 50% -150px;\"\n        data-anchor-target=\"#slide-bg1\" \n        style=\"background-image: url('http:\/\/www.adventuretrekking-nepal.com\/wp\/wp-content\/uploads\/iStock-499630236-1-1.jpg'); background-color: ; height: 300px;\" \n\t\t><div class=\"hsContainer\">\n            <div class=\"hsContent\" \n                data-center=\"opacity: 1;\"\n                data-top-bottom=\"opacity: 1;\" \n                data-anchor-target=\"#slide-bg1\"\n            >\n                <div class=\"slideText\" style=\"max-width: 100%; color: #ffffff\"><\/div>\n            <\/div>\n        <\/div>\n    <\/div>\n\t<\/div>\n\t\n<\/p><input class=\"fooboxshare_post_id\" type=\"hidden\" value=\"51\"\/>","protected":false},"excerpt":{"rendered":"","protected":false},"author":4,"featured_media":0,"parent":0,"menu_order":6,"comment_status":"closed","ping_status":"closed","template":"","meta":{"footnotes":""},"class_list":["post-51","page","type-page","status-publish","hentry"],"yoast_head":"<!-- This site is optimized with the Yoast SEO plugin v27.4 - https:\/\/yoast.com\/product\/yoast-seo-wordpress\/ -->\n<title>Trekking-Touren - Pinnacle Treks &amp; expedition - Adventure Trekking Nepal<\/title>\n<meta name=\"robots\" content=\"index, follow, max-snippet:-1, max-image-preview:large, max-video-preview:-1\" \/>\n<link rel=\"canonical\" href=\"http:\/\/www.adventuretrekking-nepal.com\/de\/touren\/\" \/>\n<meta property=\"og:locale\" content=\"de_DE\" \/>\n<meta property=\"og:type\" content=\"article\" \/>\n<meta property=\"og:title\" content=\"Trekking-Touren - Pinnacle Treks &amp; expedition - Adventure Trekking Nepal\" \/>\n<meta property=\"og:url\" content=\"http:\/\/www.adventuretrekking-nepal.com\/de\/touren\/\" \/>\n<meta property=\"og:site_name\" content=\"Pinnacle Treks &amp; expedition - Adventure Trekking Nepal\" \/>\n<meta property=\"article:modified_time\" content=\"2018-06-16T07:27:24+00:00\" \/>\n<meta property=\"og:image\" content=\"http:\/\/www.adventuretrekking-nepal.com\/wp\/wp-content\/uploads\/thorang-la-Anapurna-Circuit1-550x367.jpg\" \/>\n<meta name=\"twitter:card\" content=\"summary_large_image\" \/>\n<script type=\"application\/ld+json\" class=\"yoast-schema-graph\">{\"@context\":\"https:\\\/\\\/schema.org\",\"@graph\":[{\"@type\":\"WebPage\",\"@id\":\"http:\\\/\\\/www.adventuretrekking-nepal.com\\\/de\\\/touren\\\/\",\"url\":\"http:\\\/\\\/www.adventuretrekking-nepal.com\\\/de\\\/touren\\\/\",\"name\":\"Trekking-Touren - Pinnacle Treks &amp; expedition - Adventure Trekking Nepal\",\"isPartOf\":{\"@id\":\"https:\\\/\\\/www.adventuretrekking-nepal.com\\\/#website\"},\"primaryImageOfPage\":{\"@id\":\"http:\\\/\\\/www.adventuretrekking-nepal.com\\\/de\\\/touren\\\/#primaryimage\"},\"image\":{\"@id\":\"http:\\\/\\\/www.adventuretrekking-nepal.com\\\/de\\\/touren\\\/#primaryimage\"},\"thumbnailUrl\":\"http:\\\/\\\/www.adventuretrekking-nepal.com\\\/wp\\\/wp-content\\\/uploads\\\/thorang-la-Anapurna-Circuit1-550x367.jpg\",\"datePublished\":\"2017-06-19T09:45:24+00:00\",\"dateModified\":\"2018-06-16T07:27:24+00:00\",\"breadcrumb\":{\"@id\":\"http:\\\/\\\/www.adventuretrekking-nepal.com\\\/de\\\/touren\\\/#breadcrumb\"},\"inLanguage\":\"de\",\"potentialAction\":[{\"@type\":\"ReadAction\",\"target\":[\"http:\\\/\\\/www.adventuretrekking-nepal.com\\\/de\\\/touren\\\/\"]}]},{\"@type\":\"ImageObject\",\"inLanguage\":\"de\",\"@id\":\"http:\\\/\\\/www.adventuretrekking-nepal.com\\\/de\\\/touren\\\/#primaryimage\",\"url\":\"http:\\\/\\\/www.adventuretrekking-nepal.com\\\/wp\\\/wp-content\\\/uploads\\\/thorang-la-Anapurna-Circuit1-550x367.jpg\",\"contentUrl\":\"http:\\\/\\\/www.adventuretrekking-nepal.com\\\/wp\\\/wp-content\\\/uploads\\\/thorang-la-Anapurna-Circuit1-550x367.jpg\"},{\"@type\":\"BreadcrumbList\",\"@id\":\"http:\\\/\\\/www.adventuretrekking-nepal.com\\\/de\\\/touren\\\/#breadcrumb\",\"itemListElement\":[{\"@type\":\"ListItem\",\"position\":1,\"name\":\"Startseite\",\"item\":\"http:\\\/\\\/www.adventuretrekking-nepal.com\\\/de\\\/\"},{\"@type\":\"ListItem\",\"position\":2,\"name\":\"Trekking-Touren\"}]},{\"@type\":\"WebSite\",\"@id\":\"https:\\\/\\\/www.adventuretrekking-nepal.com\\\/#website\",\"url\":\"https:\\\/\\\/www.adventuretrekking-nepal.com\\\/\",\"name\":\"Pinnacle Treks &amp; expedition - Adventure Trekking Nepal\",\"description\":\"Adventure Trekking Nepal - Annapurna, Dolpa, Everest Region, Langtang, Manaslu Region, Gipfelbesteigungen, Uppermustang trek - Pinnacle Treks &amp; expedition.\",\"potentialAction\":[{\"@type\":\"SearchAction\",\"target\":{\"@type\":\"EntryPoint\",\"urlTemplate\":\"https:\\\/\\\/www.adventuretrekking-nepal.com\\\/?s={search_term_string}\"},\"query-input\":{\"@type\":\"PropertyValueSpecification\",\"valueRequired\":true,\"valueName\":\"search_term_string\"}}],\"inLanguage\":\"de\"}]}<\/script>\n<!-- \/ Yoast SEO plugin. -->","yoast_head_json":{"title":"Trekking-Touren - Pinnacle Treks &amp; expedition - Adventure Trekking Nepal","robots":{"index":"index","follow":"follow","max-snippet":"max-snippet:-1","max-image-preview":"max-image-preview:large","max-video-preview":"max-video-preview:-1"},"canonical":"http:\/\/www.adventuretrekking-nepal.com\/de\/touren\/","og_locale":"de_DE","og_type":"article","og_title":"Trekking-Touren - Pinnacle Treks &amp; expedition - Adventure Trekking Nepal","og_url":"http:\/\/www.adventuretrekking-nepal.com\/de\/touren\/","og_site_name":"Pinnacle Treks &amp; expedition - Adventure Trekking Nepal","article_modified_time":"2018-06-16T07:27:24+00:00","og_image":[{"url":"http:\/\/www.adventuretrekking-nepal.com\/wp\/wp-content\/uploads\/thorang-la-Anapurna-Circuit1-550x367.jpg","type":"","width":"","height":""}],"twitter_card":"summary_large_image","schema":{"@context":"https:\/\/schema.org","@graph":[{"@type":"WebPage","@id":"http:\/\/www.adventuretrekking-nepal.com\/de\/touren\/","url":"http:\/\/www.adventuretrekking-nepal.com\/de\/touren\/","name":"Trekking-Touren - Pinnacle Treks &amp; expedition - Adventure Trekking Nepal","isPartOf":{"@id":"https:\/\/www.adventuretrekking-nepal.com\/#website"},"primaryImageOfPage":{"@id":"http:\/\/www.adventuretrekking-nepal.com\/de\/touren\/#primaryimage"},"image":{"@id":"http:\/\/www.adventuretrekking-nepal.com\/de\/touren\/#primaryimage"},"thumbnailUrl":"http:\/\/www.adventuretrekking-nepal.com\/wp\/wp-content\/uploads\/thorang-la-Anapurna-Circuit1-550x367.jpg","datePublished":"2017-06-19T09:45:24+00:00","dateModified":"2018-06-16T07:27:24+00:00","breadcrumb":{"@id":"http:\/\/www.adventuretrekking-nepal.com\/de\/touren\/#breadcrumb"},"inLanguage":"de","potentialAction":[{"@type":"ReadAction","target":["http:\/\/www.adventuretrekking-nepal.com\/de\/touren\/"]}]},{"@type":"ImageObject","inLanguage":"de","@id":"http:\/\/www.adventuretrekking-nepal.com\/de\/touren\/#primaryimage","url":"http:\/\/www.adventuretrekking-nepal.com\/wp\/wp-content\/uploads\/thorang-la-Anapurna-Circuit1-550x367.jpg","contentUrl":"http:\/\/www.adventuretrekking-nepal.com\/wp\/wp-content\/uploads\/thorang-la-Anapurna-Circuit1-550x367.jpg"},{"@type":"BreadcrumbList","@id":"http:\/\/www.adventuretrekking-nepal.com\/de\/touren\/#breadcrumb","itemListElement":[{"@type":"ListItem","position":1,"name":"Startseite","item":"http:\/\/www.adventuretrekking-nepal.com\/de\/"},{"@type":"ListItem","position":2,"name":"Trekking-Touren"}]},{"@type":"WebSite","@id":"https:\/\/www.adventuretrekking-nepal.com\/#website","url":"https:\/\/www.adventuretrekking-nepal.com\/","name":"Pinnacle Treks &amp; expedition - Adventure Trekking Nepal","description":"Adventure Trekking Nepal - Annapurna, Dolpa, Everest Region, Langtang, Manaslu Region, Gipfelbesteigungen, Uppermustang trek - Pinnacle Treks &amp; expedition.","potentialAction":[{"@type":"SearchAction","target":{"@type":"EntryPoint","urlTemplate":"https:\/\/www.adventuretrekking-nepal.com\/?s={search_term_string}"},"query-input":{"@type":"PropertyValueSpecification","valueRequired":true,"valueName":"search_term_string"}}],"inLanguage":"de"}]}},"_links":{"self":[{"href":"http:\/\/www.adventuretrekking-nepal.com\/de\/wp-json\/wp\/v2\/pages\/51","targetHints":{"allow":["GET"]}}],"collection":[{"href":"http:\/\/www.adventuretrekking-nepal.com\/de\/wp-json\/wp\/v2\/pages"}],"about":[{"href":"http:\/\/www.adventuretrekking-nepal.com\/de\/wp-json\/wp\/v2\/types\/page"}],"author":[{"embeddable":true,"href":"http:\/\/www.adventuretrekking-nepal.com\/de\/wp-json\/wp\/v2\/users\/4"}],"replies":[{"embeddable":true,"href":"http:\/\/www.adventuretrekking-nepal.com\/de\/wp-json\/wp\/v2\/comments?post=51"}],"version-history":[{"count":10,"href":"http:\/\/www.adventuretrekking-nepal.com\/de\/wp-json\/wp\/v2\/pages\/51\/revisions"}],"predecessor-version":[{"id":1464,"href":"http:\/\/www.adventuretrekking-nepal.com\/de\/wp-json\/wp\/v2\/pages\/51\/revisions\/1464"}],"wp:attachment":[{"href":"http:\/\/www.adventuretrekking-nepal.com\/de\/wp-json\/wp\/v2\/media?parent=51"}],"curies":[{"name":"wp","href":"https:\/\/api.w.org\/{rel}","templated":true}]}}