












{"id":180,"date":"2017-06-28T10:36:12","date_gmt":"2017-06-28T08:36:12","guid":{"rendered":"http:\/\/www.adventuretrekking-nepal.com\/?page_id=180"},"modified":"2017-08-10T12:36:39","modified_gmt":"2017-08-10T10:36:39","slug":"manaslu-region","status":"publish","type":"page","link":"http:\/\/www.adventuretrekking-nepal.com\/de\/touren\/manaslu-region\/","title":{"rendered":"Manaslu Region"},"content":{"rendered":"<div id=\"metaslider-id-203\" style=\"width: 100%;\" class=\"ml-slider-3-108-0 ml-slider-pro-2-56-0 metaslider metaslider-flex metaslider-203 ml-slider ms-theme-default nav-hidden\" role=\"region\" aria-label=\"Manaslu\" data-height=\"500\" data-width=\"2400\">\n    <div id=\"metaslider_container_203\">\n        <div id=\"metaslider_203\">\n            <ul class='slides'>\n                <li style=\"display: block; width: 100%;\" class=\"slide-206 ms-image \" aria-roledescription=\"slide\" data-date=\"2017-06-28 10:52:03\" data-filename=\"Manslu-Curcuit-11.jpg\" data-slide-type=\"image\"><img loading=\"lazy\" decoding=\"async\" src=\"http:\/\/www.adventuretrekking-nepal.com\/wp\/wp-content\/uploads\/Manslu-Curcuit-11.jpg\" height=\"500\" width=\"2400\" alt=\"\" class=\"slider-203 slide-206 msDefaultImage\" \/><\/li>\n                <li style=\"display: none; width: 100%;\" class=\"slide-207 ms-image \" aria-roledescription=\"slide\" data-date=\"2017-06-28 10:52:03\" data-filename=\"tsum_valley_treks311.jpg\" data-slide-type=\"image\"><img loading=\"lazy\" decoding=\"async\" src=\"http:\/\/www.adventuretrekking-nepal.com\/wp\/wp-content\/uploads\/tsum_valley_treks311.jpg\" height=\"500\" width=\"2400\" alt=\"\" class=\"slider-203 slide-207 msDefaultImage\" \/><\/li>\n            <\/ul>\n        <\/div>\n        \n    <\/div>\n<\/div>\n<div class='conblock con-default  clearfix' style=''><div class='conblock-inner'>\n<h1>Manaslu Region<\/h1>\n<p style=\"text-align: justify;\">Der Manaslu (nepali: \u092e\u0928\u093e\u0938\u094d\u0932\u0941 Man\u0101slu) in Nepal ist einer der vierzehn Achttausender, mit einer H\u00f6he von 8163m ist er der achth\u00f6chste Berg der Erde.<\/p>\n<p style=\"text-align: justify;\">Die Manaslu-Gruppe, zu der auch Ngadi Chuli (7871m) und Himal Chuli (7893m) z\u00e4hlen, wird auch als Mansiri Himal[1] oder Gurkha Himal bezeichnet und liegt im Distrikt Gorkha. Im Nordwesten liegt das Annapurna-Massiv, im S\u00fcdosten das Ganesh Himal.<\/p>\n<h3>Die Gipfel des Manaslu<\/h3>\n<table>\n<tbody>\n<tr>\n<td><strong>Gipfel<\/strong><\/td>\n<td><strong>H\u00f6he<\/strong><\/td>\n<td><strong>Anmerkung\/Lage<\/strong><\/td>\n<\/tr>\n<tr>\n<td>Manaslu<\/td>\n<td>8163 m<\/td>\n<td>Hauptgipfel<\/td>\n<\/tr>\n<tr>\n<td>Manaslu Ost<\/td>\n<td>7992 m<\/td>\n<td>500 m nord\u00f6stlich des Hauptgipfels<\/td>\n<\/tr>\n<tr>\n<td>Manaslu Nord<\/td>\n<td>6994 m<\/td>\n<td>4000 m nordnordwestlich des Hauptgipfels<\/td>\n<\/tr>\n<\/tbody>\n<\/table>\n<p class=\"br\">&nbsp;<\/p>\n<h3>Unser Tourenangebot:<\/h3>\n\n\n    <a name=\"anchor-manaslu\" class=\"anchor anchor2\"><\/a>\n\n    <ul id=\"articles-manaslu\" class=\"articles cols3 cols gap0 clearfix \">\n\n\n            <li class=\"entry col clearfix\">\n    \n            <a href=\"http:\/\/www.adventuretrekking-nepal.com\/de\/manaslu-circuit-trek\/\">    \n    <div class=\"pic\">\n        <div class=\"picbox\">\n            <img loading=\"lazy\" decoding=\"async\" width=\"600\" height=\"400\" src=\"http:\/\/www.adventuretrekking-nepal.com\/wp\/wp-content\/uploads\/Manaslu-circuit-600x400.jpg\" class=\"attachment-articlepic size-articlepic wp-post-image\" alt=\"\" \/>        <\/div>\n    <\/div>\n\n    <div class=\"desc noexcerpt \" style=\"height: 80px !important\">\n        <h4>Manaslu Circuit Trek<\/h4>\n        <div class=\"excerpt\">\n            <p>Informationen zur Tour Trek Name: Manaslu Circuit Trek Beste Saison: Fr\u00fchling (M\u00e4rz-Juni) Herbst (Sept-November) Transport: mit dem Bus \/ private Fahrzeuge Unterkunft: Tee H\u00e4user Schwierigkeitsgrad: Fairly Strenuous Trekking Style: Tea House H\u00f6hster Punkt: 5215m Kultur: gemischt Dauer: 17 Tage Gruppengr\u00f6\u00dfe: Min. 2 bis Max. 12 Personen &nbsp;<\/p>        <\/div>\n    <\/div>\n\n            <\/a>\n    \n    <\/li>\n\n    \n            <li class=\"entry col clearfix\">\n    \n            <a href=\"http:\/\/www.adventuretrekking-nepal.com\/de\/tusm-valley-trek\/\">    \n    <div class=\"pic\">\n        <div class=\"picbox\">\n            <img loading=\"lazy\" decoding=\"async\" width=\"600\" height=\"400\" src=\"http:\/\/www.adventuretrekking-nepal.com\/wp\/wp-content\/uploads\/tsum_valley_treks31-600x400.jpg\" class=\"attachment-articlepic size-articlepic wp-post-image\" alt=\"\" \/>        <\/div>\n    <\/div>\n\n    <div class=\"desc noexcerpt \" style=\"height: 80px !important\">\n        <h4>Tusm Valley Trek<\/h4>\n        <div class=\"excerpt\">\n                    <\/div>\n    <\/div>\n\n            <\/a>\n    \n    <\/li>\n\n        <\/ul>\n\n\n\n<h3>Bildergalerie:<\/h3>\n<style type=\"text\/css\">\n\t#foogallery-gallery-199 .fg-image {\n        width: 265px;\n    }\n<\/style>\n\t\t\t\t<div class=\"foogallery foogallery-container foogallery-default foogallery-lightbox-foobox fg-gutter-10 fg-center fg-default fg-light fg-loading-default fg-loaded-fade-in fg-hover-fade fg-hover-zoom fg-ready\" id=\"foogallery-gallery-199\" data-foogallery=\"{&quot;item&quot;:{&quot;showCaptionTitle&quot;:true,&quot;showCaptionDescription&quot;:false},&quot;lazy&quot;:true}\" >\n\t<div class=\"fg-item fg-type-image fg-idle\"><figure class=\"fg-item-inner\"><a href=\"http:\/\/www.adventuretrekking-nepal.com\/wp\/wp-content\/uploads\/Manaslu-circuit.jpg\" data-attachment-id=\"209\" data-type=\"image\" class=\"fg-thumb\"><span class=\"fg-image-wrap\"><img decoding=\"async\" width=\"265\" height=\"185\" class=\"skip-lazy fg-image\" data-src-fg=\"http:\/\/www.adventuretrekking-nepal.com\/wp\/wp-content\/uploads\/cache\/Manaslu-circuit\/3386426626.jpg\" src=\"data:image\/svg+xml,%3Csvg%20xmlns%3D%22http%3A%2F%2Fwww.w3.org%2F2000%2Fsvg%22%20width%3D%22265%22%20height%3D%22185%22%20viewBox%3D%220%200%20265%20185%22%3E%3C%2Fsvg%3E\" loading=\"eager\"><\/span><span class=\"fg-image-overlay\"><\/span><\/a><figcaption class=\"fg-caption\"><div class=\"fg-caption-inner\"><\/div><\/figcaption><\/figure><div class=\"fg-loader\"><\/div><\/div><div class=\"fg-item fg-type-image fg-idle\"><figure class=\"fg-item-inner\"><a href=\"http:\/\/www.adventuretrekking-nepal.com\/wp\/wp-content\/uploads\/Manslu-Curcuit-1.jpg\" data-attachment-id=\"210\" data-type=\"image\" class=\"fg-thumb\"><span class=\"fg-image-wrap\"><img decoding=\"async\" width=\"265\" height=\"185\" class=\"skip-lazy fg-image\" data-src-fg=\"http:\/\/www.adventuretrekking-nepal.com\/wp\/wp-content\/uploads\/cache\/Manslu-Curcuit-1\/4187995785.jpg\" src=\"data:image\/svg+xml,%3Csvg%20xmlns%3D%22http%3A%2F%2Fwww.w3.org%2F2000%2Fsvg%22%20width%3D%22265%22%20height%3D%22185%22%20viewBox%3D%220%200%20265%20185%22%3E%3C%2Fsvg%3E\" loading=\"eager\"><\/span><span class=\"fg-image-overlay\"><\/span><\/a><figcaption class=\"fg-caption\"><div class=\"fg-caption-inner\"><\/div><\/figcaption><\/figure><div class=\"fg-loader\"><\/div><\/div><div class=\"fg-item fg-type-image fg-idle\"><figure class=\"fg-item-inner\"><a href=\"http:\/\/www.adventuretrekking-nepal.com\/wp\/wp-content\/uploads\/tsum_valley_treks11.jpg\" data-attachment-id=\"211\" data-type=\"image\" class=\"fg-thumb\"><span class=\"fg-image-wrap\"><img decoding=\"async\" width=\"265\" height=\"185\" class=\"skip-lazy fg-image\" data-src-fg=\"http:\/\/www.adventuretrekking-nepal.com\/wp\/wp-content\/uploads\/cache\/tsum_valley_treks11\/4028842565.jpg\" src=\"data:image\/svg+xml,%3Csvg%20xmlns%3D%22http%3A%2F%2Fwww.w3.org%2F2000%2Fsvg%22%20width%3D%22265%22%20height%3D%22185%22%20viewBox%3D%220%200%20265%20185%22%3E%3C%2Fsvg%3E\" loading=\"eager\"><\/span><span class=\"fg-image-overlay\"><\/span><\/a><figcaption class=\"fg-caption\"><div class=\"fg-caption-inner\"><\/div><\/figcaption><\/figure><div class=\"fg-loader\"><\/div><\/div><div class=\"fg-item fg-type-image fg-idle\"><figure class=\"fg-item-inner\"><a href=\"http:\/\/www.adventuretrekking-nepal.com\/wp\/wp-content\/uploads\/tsum_valley_treks31.jpg\" data-attachment-id=\"212\" data-type=\"image\" class=\"fg-thumb\"><span class=\"fg-image-wrap\"><img decoding=\"async\" width=\"265\" height=\"185\" class=\"skip-lazy fg-image\" data-src-fg=\"http:\/\/www.adventuretrekking-nepal.com\/wp\/wp-content\/uploads\/cache\/tsum_valley_treks31\/1228485392.jpg\" src=\"data:image\/svg+xml,%3Csvg%20xmlns%3D%22http%3A%2F%2Fwww.w3.org%2F2000%2Fsvg%22%20width%3D%22265%22%20height%3D%22185%22%20viewBox%3D%220%200%20265%20185%22%3E%3C%2Fsvg%3E\" loading=\"eager\"><\/span><span class=\"fg-image-overlay\"><\/span><\/a><figcaption class=\"fg-caption\"><div class=\"fg-caption-inner\"><\/div><\/figcaption><\/figure><div class=\"fg-loader\"><\/div><\/div><\/div>\n\n<\/div> <\/div>\n<div id=\"slide-bg1\" class=\"normalSlide\">\n\t\n\t\t<div class=\"bcg\"\n        data-center=\"background-position: 50% 0px;\"\n        data-top-bottom=\"background-position: 50% -150px;\"\n        data-anchor-target=\"#slide-bg1\" \n        style=\"background-image: url('http:\/\/www.adventuretrekking-nepal.com\/wp\/wp-content\/uploads\/iStock-499630236-1-1.jpg'); background-color: ; height: 300px;\" \n\t\t><div class=\"hsContainer\">\n            <div class=\"hsContent\" \n                data-center=\"opacity: 1;\"\n                data-top-bottom=\"opacity: 1;\" \n                data-anchor-target=\"#slide-bg1\"\n            >\n                <div class=\"slideText\" style=\"max-width: 100%; color: #ffffff\"><\/div>\n            <\/div>\n        <\/div>\n    <\/div>\n\t<\/div>\n\t\n<\/p>","protected":false},"excerpt":{"rendered":"","protected":false},"author":4,"featured_media":0,"parent":51,"menu_order":15,"comment_status":"closed","ping_status":"closed","template":"","meta":{"footnotes":""},"class_list":["post-180","page","type-page","status-publish","hentry"],"yoast_head":"<!-- This site is optimized with the Yoast SEO plugin v27.4 - https:\/\/yoast.com\/product\/yoast-seo-wordpress\/ -->\n<title>Manaslu Region - Pinnacle Treks &amp; expedition - Adventure Trekking Nepal<\/title>\n<meta name=\"robots\" content=\"index, follow, max-snippet:-1, max-image-preview:large, max-video-preview:-1\" \/>\n<link rel=\"canonical\" href=\"http:\/\/www.adventuretrekking-nepal.com\/de\/touren\/manaslu-region\/\" \/>\n<meta property=\"og:locale\" content=\"de_DE\" \/>\n<meta property=\"og:type\" content=\"article\" \/>\n<meta property=\"og:title\" content=\"Manaslu Region - Pinnacle Treks &amp; expedition - Adventure Trekking Nepal\" \/>\n<meta property=\"og:url\" content=\"http:\/\/www.adventuretrekking-nepal.com\/de\/touren\/manaslu-region\/\" \/>\n<meta property=\"og:site_name\" content=\"Pinnacle Treks &amp; expedition - Adventure Trekking Nepal\" \/>\n<meta property=\"article:modified_time\" content=\"2017-08-10T10:36:39+00:00\" \/>\n<meta name=\"twitter:card\" content=\"summary_large_image\" \/>\n<meta name=\"twitter:label1\" content=\"Gesch\u00e4tzte Lesezeit\" \/>\n\t<meta name=\"twitter:data1\" content=\"1\u00a0Minute\" \/>\n<script type=\"application\/ld+json\" class=\"yoast-schema-graph\">{\"@context\":\"https:\\\/\\\/schema.org\",\"@graph\":[{\"@type\":\"WebPage\",\"@id\":\"http:\\\/\\\/www.adventuretrekking-nepal.com\\\/de\\\/touren\\\/manaslu-region\\\/\",\"url\":\"http:\\\/\\\/www.adventuretrekking-nepal.com\\\/de\\\/touren\\\/manaslu-region\\\/\",\"name\":\"Manaslu Region - Pinnacle Treks &amp; expedition - Adventure Trekking Nepal\",\"isPartOf\":{\"@id\":\"http:\\\/\\\/www.adventuretrekking-nepal.com\\\/#website\"},\"datePublished\":\"2017-06-28T08:36:12+00:00\",\"dateModified\":\"2017-08-10T10:36:39+00:00\",\"breadcrumb\":{\"@id\":\"http:\\\/\\\/www.adventuretrekking-nepal.com\\\/de\\\/touren\\\/manaslu-region\\\/#breadcrumb\"},\"inLanguage\":\"de\",\"potentialAction\":[{\"@type\":\"ReadAction\",\"target\":[\"http:\\\/\\\/www.adventuretrekking-nepal.com\\\/de\\\/touren\\\/manaslu-region\\\/\"]}]},{\"@type\":\"BreadcrumbList\",\"@id\":\"http:\\\/\\\/www.adventuretrekking-nepal.com\\\/de\\\/touren\\\/manaslu-region\\\/#breadcrumb\",\"itemListElement\":[{\"@type\":\"ListItem\",\"position\":1,\"name\":\"Startseite\",\"item\":\"http:\\\/\\\/www.adventuretrekking-nepal.com\\\/de\\\/\"},{\"@type\":\"ListItem\",\"position\":2,\"name\":\"Trekking-Touren\",\"item\":\"http:\\\/\\\/www.adventuretrekking-nepal.com\\\/de\\\/touren\\\/\"},{\"@type\":\"ListItem\",\"position\":3,\"name\":\"Manaslu Region\"}]},{\"@type\":\"WebSite\",\"@id\":\"http:\\\/\\\/www.adventuretrekking-nepal.com\\\/#website\",\"url\":\"http:\\\/\\\/www.adventuretrekking-nepal.com\\\/\",\"name\":\"Pinnacle Treks &amp; expedition - Adventure Trekking Nepal\",\"description\":\"Adventure Trekking Nepal - Annapurna, Dolpa, Everest Region, Langtang, Manaslu Region, Gipfelbesteigungen, Uppermustang trek - Pinnacle Treks &amp; expedition.\",\"potentialAction\":[{\"@type\":\"SearchAction\",\"target\":{\"@type\":\"EntryPoint\",\"urlTemplate\":\"http:\\\/\\\/www.adventuretrekking-nepal.com\\\/?s={search_term_string}\"},\"query-input\":{\"@type\":\"PropertyValueSpecification\",\"valueRequired\":true,\"valueName\":\"search_term_string\"}}],\"inLanguage\":\"de\"}]}<\/script>\n<!-- \/ Yoast SEO plugin. -->","yoast_head_json":{"title":"Manaslu Region - Pinnacle Treks &amp; expedition - Adventure Trekking Nepal","robots":{"index":"index","follow":"follow","max-snippet":"max-snippet:-1","max-image-preview":"max-image-preview:large","max-video-preview":"max-video-preview:-1"},"canonical":"http:\/\/www.adventuretrekking-nepal.com\/de\/touren\/manaslu-region\/","og_locale":"de_DE","og_type":"article","og_title":"Manaslu Region - Pinnacle Treks &amp; expedition - Adventure Trekking Nepal","og_url":"http:\/\/www.adventuretrekking-nepal.com\/de\/touren\/manaslu-region\/","og_site_name":"Pinnacle Treks &amp; expedition - Adventure Trekking Nepal","article_modified_time":"2017-08-10T10:36:39+00:00","twitter_card":"summary_large_image","twitter_misc":{"Gesch\u00e4tzte Lesezeit":"1\u00a0Minute"},"schema":{"@context":"https:\/\/schema.org","@graph":[{"@type":"WebPage","@id":"http:\/\/www.adventuretrekking-nepal.com\/de\/touren\/manaslu-region\/","url":"http:\/\/www.adventuretrekking-nepal.com\/de\/touren\/manaslu-region\/","name":"Manaslu Region - Pinnacle Treks &amp; expedition - Adventure Trekking Nepal","isPartOf":{"@id":"http:\/\/www.adventuretrekking-nepal.com\/#website"},"datePublished":"2017-06-28T08:36:12+00:00","dateModified":"2017-08-10T10:36:39+00:00","breadcrumb":{"@id":"http:\/\/www.adventuretrekking-nepal.com\/de\/touren\/manaslu-region\/#breadcrumb"},"inLanguage":"de","potentialAction":[{"@type":"ReadAction","target":["http:\/\/www.adventuretrekking-nepal.com\/de\/touren\/manaslu-region\/"]}]},{"@type":"BreadcrumbList","@id":"http:\/\/www.adventuretrekking-nepal.com\/de\/touren\/manaslu-region\/#breadcrumb","itemListElement":[{"@type":"ListItem","position":1,"name":"Startseite","item":"http:\/\/www.adventuretrekking-nepal.com\/de\/"},{"@type":"ListItem","position":2,"name":"Trekking-Touren","item":"http:\/\/www.adventuretrekking-nepal.com\/de\/touren\/"},{"@type":"ListItem","position":3,"name":"Manaslu Region"}]},{"@type":"WebSite","@id":"http:\/\/www.adventuretrekking-nepal.com\/#website","url":"http:\/\/www.adventuretrekking-nepal.com\/","name":"Pinnacle Treks &amp; expedition - Adventure Trekking Nepal","description":"Adventure Trekking Nepal - Annapurna, Dolpa, Everest Region, Langtang, Manaslu Region, Gipfelbesteigungen, Uppermustang trek - Pinnacle Treks &amp; expedition.","potentialAction":[{"@type":"SearchAction","target":{"@type":"EntryPoint","urlTemplate":"http:\/\/www.adventuretrekking-nepal.com\/?s={search_term_string}"},"query-input":{"@type":"PropertyValueSpecification","valueRequired":true,"valueName":"search_term_string"}}],"inLanguage":"de"}]}},"_links":{"self":[{"href":"http:\/\/www.adventuretrekking-nepal.com\/de\/wp-json\/wp\/v2\/pages\/180","targetHints":{"allow":["GET"]}}],"collection":[{"href":"http:\/\/www.adventuretrekking-nepal.com\/de\/wp-json\/wp\/v2\/pages"}],"about":[{"href":"http:\/\/www.adventuretrekking-nepal.com\/de\/wp-json\/wp\/v2\/types\/page"}],"author":[{"embeddable":true,"href":"http:\/\/www.adventuretrekking-nepal.com\/de\/wp-json\/wp\/v2\/users\/4"}],"replies":[{"embeddable":true,"href":"http:\/\/www.adventuretrekking-nepal.com\/de\/wp-json\/wp\/v2\/comments?post=180"}],"version-history":[{"count":10,"href":"http:\/\/www.adventuretrekking-nepal.com\/de\/wp-json\/wp\/v2\/pages\/180\/revisions"}],"predecessor-version":[{"id":1285,"href":"http:\/\/www.adventuretrekking-nepal.com\/de\/wp-json\/wp\/v2\/pages\/180\/revisions\/1285"}],"up":[{"embeddable":true,"href":"http:\/\/www.adventuretrekking-nepal.com\/de\/wp-json\/wp\/v2\/pages\/51"}],"wp:attachment":[{"href":"http:\/\/www.adventuretrekking-nepal.com\/de\/wp-json\/wp\/v2\/media?parent=180"}],"curies":[{"name":"wp","href":"https:\/\/api.w.org\/{rel}","templated":true}]}}