












{"id":177,"date":"2017-06-28T10:35:45","date_gmt":"2017-06-28T08:35:45","guid":{"rendered":"http:\/\/www.adventuretrekking-nepal.com\/?page_id=177"},"modified":"2017-08-10T12:35:14","modified_gmt":"2017-08-10T10:35:14","slug":"everest-region","status":"publish","type":"page","link":"http:\/\/www.adventuretrekking-nepal.com\/de\/touren\/everest-region\/","title":{"rendered":"Everest Region"},"content":{"rendered":"<div id=\"metaslider-id-219\" style=\"width: 100%;\" class=\"ml-slider-3-109-0 ml-slider-pro-2-57-0 metaslider metaslider-flex metaslider-219 ml-slider ms-theme-default nav-hidden\" role=\"region\" aria-label=\"Everest Region\" data-height=\"500\" data-width=\"2400\">\n    <div id=\"metaslider_container_219\">\n        <div id=\"metaslider_219\">\n            <ul class='slides'>\n                <li style=\"display: block; width: 100%;\" class=\"slide-221 ms-image \" aria-roledescription=\"slide\" data-date=\"2017-06-28 11:03:45\" data-filename=\"Gokyo-Lake1.jpg\" data-slide-type=\"image\"><img loading=\"lazy\" decoding=\"async\" src=\"http:\/\/www.adventuretrekking-nepal.com\/wp\/wp-content\/uploads\/Gokyo-Lake1.jpg\" height=\"500\" width=\"2400\" alt=\"\" class=\"slider-219 slide-221 msDefaultImage\" \/><\/li>\n                <li style=\"display: none; width: 100%;\" class=\"slide-223 ms-image \" aria-roledescription=\"slide\" data-date=\"2017-06-28 11:03:57\" data-filename=\"everest-gokyo-lake-trek1.jpg\" data-slide-type=\"image\"><img loading=\"lazy\" decoding=\"async\" src=\"http:\/\/www.adventuretrekking-nepal.com\/wp\/wp-content\/uploads\/everest-gokyo-lake-trek1.jpg\" height=\"500\" width=\"2400\" alt=\"\" class=\"slider-219 slide-223 msDefaultImage\" \/><\/li>\n            <\/ul>\n        <\/div>\n        \n    <\/div>\n<\/div>\n<div class='conblock con-default  clearfix' style=''><div class='conblock-inner'>\n<h1>Everest Region<\/h1>\n<p style=\"text-align: justify;\">Diese wohl ber\u00fchmteste aller Trekkingtouren f\u00fchrt Sie durch gr\u00fcne W\u00e4lder und Himalaya-D\u00f6rfer, ehe Sie die Sherpa-Siedlung Namche Bazar erreichen. Vorbei am weltber\u00fchmten Kloster Tengboche geht es dann durch das malerische Tal immer h\u00f6her hinauf bis zum Basislager des Mt. Everest auf 5364m.<\/p>\n<p style=\"text-align: justify;\">Von hier aus starten die meisten Expeditionen zum Gipfel des Mt. Everest. Von hier haben Sie bei gutem Wetter einen unbeschreiblichen Blick auf den \u201eBerg der Berge\u201c und viele weitere ber\u00fchmte Gipfel!<\/p>\n<h3>Unser Tourenangebot:<\/h3>\n\n\n    <a name=\"anchor-everest\" class=\"anchor anchor2\"><\/a>\n\n    <ul id=\"articles-everest\" class=\"articles cols3 cols gap0 clearfix \">\n\n\n            <li class=\"entry col clearfix\">\n    \n            <a href=\"http:\/\/www.adventuretrekking-nepal.com\/de\/everest-base-camp-trek-2\/\">    \n    <div class=\"pic\">\n        <div class=\"picbox\">\n            <img loading=\"lazy\" decoding=\"async\" width=\"600\" height=\"400\" src=\"http:\/\/www.adventuretrekking-nepal.com\/wp\/wp-content\/uploads\/IMG_4703-600x400.jpg\" class=\"attachment-articlepic size-articlepic wp-post-image\" alt=\"\" \/>        <\/div>\n    <\/div>\n\n    <div class=\"desc noexcerpt \" style=\"height: 80px !important\">\n        <h4>Everest Base Camp Trek<\/h4>\n        <div class=\"excerpt\">\n            <p>Informationen zur Tour Trek Name: Everest Base Camp Beste Reisezeit: Herbst (Sep &#8211;\u00a0Dez) &amp; Fr\u00fchling (Feb &#8211;\u00a0Mai) Transport: Flug Kathmandu\/Lukla\/Kathmandu Unterkunft: Teeh\u00e4user Schwierigkeitsgrad: Anstrengend H\u00f6chster Punkt: 5545m Dauer: 15 Tage Gruppengr\u00f6\u00dfe: Min 1 bis Max 10 Personen Himalayan Sights: Mt. Everest, Amadablam, Lhotse, Nuptse, Pumori und mehr &nbsp; \u00a0<\/p>        <\/div>\n    <\/div>\n\n            <\/a>\n    \n    <\/li>\n\n    \n            <li class=\"entry col clearfix\">\n    \n            <a href=\"http:\/\/www.adventuretrekking-nepal.com\/de\/everest-base-camp-with-gokyo-lake-trek\/\">    \n    <div class=\"pic\">\n        <div class=\"picbox\">\n            <img loading=\"lazy\" decoding=\"async\" width=\"600\" height=\"400\" src=\"http:\/\/www.adventuretrekking-nepal.com\/wp\/wp-content\/uploads\/IMG_4707-600x400.jpg\" class=\"attachment-articlepic size-articlepic wp-post-image\" alt=\"\" \/>        <\/div>\n    <\/div>\n\n    <div class=\"desc noexcerpt \" style=\"height: 80px !important\">\n        <h4>Everest Base Camp mit Gokyo Lake Trek<\/h4>\n        <div class=\"excerpt\">\n            <p>Informationen zur Tour Trek Name: Everest Base Camp mit Gokyo Lake Trek Beste Reisezeit: Herbst (Sep bis Dez) &amp; Fr\u00fchling (Feb bis Mai) Transport: Flug Kathmandu\/Lukla\/Kathmandu Unterkunft: Teeh\u00e4user Schwierigkeitsgrad: Anstrengend H\u00f6chster Punkt: 5545m Dauer: 17 Tage Gruppengr\u00f6\u00dfe: Min 1 bis Max 10 Personen Himalayan Sights: Mt. Everest, Amadablam, Lhotse, Nuptse, Pumori und mehr &nbsp;<\/p>        <\/div>\n    <\/div>\n\n            <\/a>\n    \n    <\/li>\n\n    \n            <li class=\"entry col clearfix\">\n    \n            <a href=\"http:\/\/www.adventuretrekking-nepal.com\/de\/everest-view-trek\/\">    \n    <div class=\"pic\">\n        <div class=\"picbox\">\n            <img loading=\"lazy\" decoding=\"async\" width=\"600\" height=\"400\" src=\"http:\/\/www.adventuretrekking-nepal.com\/wp\/wp-content\/uploads\/IMG_4284-600x400.jpg\" class=\"attachment-articlepic size-articlepic wp-post-image\" alt=\"\" \/>        <\/div>\n    <\/div>\n\n    <div class=\"desc noexcerpt \" style=\"height: 80px !important\">\n        <h4>Everest View Trek<\/h4>\n        <div class=\"excerpt\">\n                    <\/div>\n    <\/div>\n\n            <\/a>\n    \n    <\/li>\n\n    \n            <li class=\"entry col clearfix\">\n    \n            <a href=\"http:\/\/www.adventuretrekking-nepal.com\/de\/gokyo-reanjo-la-pass-trek\/\">    \n    <div class=\"pic\">\n        <div class=\"picbox\">\n            <img loading=\"lazy\" decoding=\"async\" width=\"600\" height=\"400\" src=\"http:\/\/www.adventuretrekking-nepal.com\/wp\/wp-content\/uploads\/gokyorenja-la-pass-pic-1-600x400.jpg\" class=\"attachment-articlepic size-articlepic wp-post-image\" alt=\"\" \/>        <\/div>\n    <\/div>\n\n    <div class=\"desc noexcerpt \" style=\"height: 80px !important\">\n        <h4>Gokyo reanjo la pass trek<\/h4>\n        <div class=\"excerpt\">\n            <p>&nbsp; \u00a0 &nbsp;<\/p>        <\/div>\n    <\/div>\n\n            <\/a>\n    \n    <\/li>\n\n    \n            <li class=\"entry col clearfix\">\n    \n            <a href=\"http:\/\/www.adventuretrekking-nepal.com\/de\/jiri-to-everest-base-camp-trek\/\">    \n    <div class=\"pic\">\n        <div class=\"picbox\">\n            <img loading=\"lazy\" decoding=\"async\" width=\"600\" height=\"400\" src=\"http:\/\/www.adventuretrekking-nepal.com\/wp\/wp-content\/uploads\/IMG_4692-600x400.jpg\" class=\"attachment-articlepic size-articlepic wp-post-image\" alt=\"\" \/>        <\/div>\n    <\/div>\n\n    <div class=\"desc noexcerpt \" style=\"height: 80px !important\">\n        <h4>Jiri nach Everest base camp trek<\/h4>\n        <div class=\"excerpt\">\n            <p>Informationen zur Tour Trek Name: Jiri zum Everest base camp trek Beste Reisezeit: Herbst (Sep bis Dec) &amp; Fr\u00fchling (Feb bis Mai) Transport: Mit dem Bus oder Jeep nach Bhandar, zur\u00fcck nach Kathmandu mit dem Flugzeug (Lukla nach Kathmandu) Unterkunft: Teehaus Schwierigkeitsgrad: Strenuous H\u00f6chster Punkt: 5545m Dauer: 20 Tage Gruppengr\u00f6\u00dfe: Min 1 bis Max 10 [&hellip;]<\/p>        <\/div>\n    <\/div>\n\n            <\/a>\n    \n    <\/li>\n\n    \n            <li class=\"entry col clearfix\">\n    \n            <a href=\"http:\/\/www.adventuretrekking-nepal.com\/de\/khumjung-valley-trek\/\">    \n    <div class=\"pic\">\n        <div class=\"picbox\">\n            <img loading=\"lazy\" decoding=\"async\" width=\"600\" height=\"400\" src=\"http:\/\/www.adventuretrekking-nepal.com\/wp\/wp-content\/uploads\/KhumjungValley-1-600x400.jpg\" class=\"attachment-articlepic size-articlepic wp-post-image\" alt=\"\" \/>        <\/div>\n    <\/div>\n\n    <div class=\"desc noexcerpt \" style=\"height: 80px !important\">\n        <h4>Khumjung valley trek<\/h4>\n        <div class=\"excerpt\">\n            <p>&nbsp; \u00a0 &nbsp;<\/p>        <\/div>\n    <\/div>\n\n            <\/a>\n    \n    <\/li>\n\n    \n            <li class=\"entry col clearfix\">\n    \n            <a href=\"http:\/\/www.adventuretrekking-nepal.com\/de\/three-pass-with-everest-base-camp-trek\/\">    \n    <div class=\"pic\">\n        <div class=\"picbox\">\n            <img loading=\"lazy\" decoding=\"async\" width=\"600\" height=\"400\" src=\"http:\/\/www.adventuretrekking-nepal.com\/wp\/wp-content\/uploads\/IMG_3926-600x400.jpg\" class=\"attachment-articlepic size-articlepic wp-post-image\" alt=\"\" \/>        <\/div>\n    <\/div>\n\n    <div class=\"desc noexcerpt \" style=\"height: 80px !important\">\n        <h4>Drei P\u00e4sse mit Everest base camp trek<\/h4>\n        <div class=\"excerpt\">\n            <p>Informationen zur Tour Trek Name: Drei P\u00e4sse mit Everest base camp Beste Reisezeit: Herbst (Sep bis Dec) &amp; Fr\u00fchling (Feb bis Mai) Transport: Flug Kathmandu\/Lukla\/Kathmandu Unterkunft: Teeh\u00e4user Schwierigkeitsgrad Strenuous H\u00f6hster Punkt: 5545m Dauer: 20 Tage Gruppengr\u00f6\u00dfe: Min 1 bis Max 10 Personen Himalayan Sights: Mt. Everest,Amadablam,Lhotse,Nuptse,Pumori und mehr &nbsp;<\/p>        <\/div>\n    <\/div>\n\n            <\/a>\n    \n    <\/li>\n\n        <\/ul>\n\n\n\n<h3>Bildergalerie:<\/h3>\n<style type=\"text\/css\">\n\t#foogallery-gallery-225 .fg-image {\n        width: 265px;\n    }\n<\/style>\n\t\t\t\t<div class=\"foogallery foogallery-container foogallery-default foogallery-lightbox-foobox fg-gutter-10 fg-center fg-default fg-light fg-loading-default fg-loaded-fade-in fg-hover-fade fg-hover-zoom fg-ready\" id=\"foogallery-gallery-225\" data-foogallery=\"{&quot;item&quot;:{&quot;showCaptionTitle&quot;:true,&quot;showCaptionDescription&quot;:false},&quot;lazy&quot;:true}\" >\n\t<div class=\"fg-item fg-type-image fg-idle\"><figure class=\"fg-item-inner\"><a href=\"http:\/\/www.adventuretrekking-nepal.com\/wp\/wp-content\/uploads\/cho-la-pass-pic-for-three-pass-trek.jpg\" data-attachment-id=\"226\" data-type=\"image\" class=\"fg-thumb\"><span class=\"fg-image-wrap\"><img decoding=\"async\" width=\"265\" height=\"185\" class=\"skip-lazy fg-image\" data-src-fg=\"http:\/\/www.adventuretrekking-nepal.com\/wp\/wp-content\/uploads\/cache\/cho-la-pass-pic-for-three-pass-trek\/1274658873.jpg\" src=\"data:image\/svg+xml,%3Csvg%20xmlns%3D%22http%3A%2F%2Fwww.w3.org%2F2000%2Fsvg%22%20width%3D%22265%22%20height%3D%22185%22%20viewBox%3D%220%200%20265%20185%22%3E%3C%2Fsvg%3E\" loading=\"eager\"><\/span><span class=\"fg-image-overlay\"><\/span><\/a><figcaption class=\"fg-caption\"><div class=\"fg-caption-inner\"><\/div><\/figcaption><\/figure><div class=\"fg-loader\"><\/div><\/div><div class=\"fg-item fg-type-image fg-idle\"><figure class=\"fg-item-inner\"><a href=\"http:\/\/www.adventuretrekking-nepal.com\/wp\/wp-content\/uploads\/everest-gokyo-lake-trek.jpg\" data-attachment-id=\"227\" data-type=\"image\" class=\"fg-thumb\"><span class=\"fg-image-wrap\"><img decoding=\"async\" width=\"265\" height=\"185\" class=\"skip-lazy fg-image\" data-src-fg=\"http:\/\/www.adventuretrekking-nepal.com\/wp\/wp-content\/uploads\/cache\/everest-gokyo-lake-trek\/232529491.jpg\" src=\"data:image\/svg+xml,%3Csvg%20xmlns%3D%22http%3A%2F%2Fwww.w3.org%2F2000%2Fsvg%22%20width%3D%22265%22%20height%3D%22185%22%20viewBox%3D%220%200%20265%20185%22%3E%3C%2Fsvg%3E\" loading=\"eager\"><\/span><span class=\"fg-image-overlay\"><\/span><\/a><figcaption class=\"fg-caption\"><div class=\"fg-caption-inner\"><\/div><\/figcaption><\/figure><div class=\"fg-loader\"><\/div><\/div><div class=\"fg-item fg-type-image fg-idle\"><figure class=\"fg-item-inner\"><a href=\"http:\/\/www.adventuretrekking-nepal.com\/wp\/wp-content\/uploads\/gokyorenja-la-pass-pic.jpg\" data-attachment-id=\"228\" data-type=\"image\" class=\"fg-thumb\"><span class=\"fg-image-wrap\"><img decoding=\"async\" width=\"265\" height=\"185\" class=\"skip-lazy fg-image\" data-src-fg=\"http:\/\/www.adventuretrekking-nepal.com\/wp\/wp-content\/uploads\/cache\/gokyorenja-la-pass-pic\/3402072636.jpg\" src=\"data:image\/svg+xml,%3Csvg%20xmlns%3D%22http%3A%2F%2Fwww.w3.org%2F2000%2Fsvg%22%20width%3D%22265%22%20height%3D%22185%22%20viewBox%3D%220%200%20265%20185%22%3E%3C%2Fsvg%3E\" loading=\"eager\"><\/span><span class=\"fg-image-overlay\"><\/span><\/a><figcaption class=\"fg-caption\"><div class=\"fg-caption-inner\"><\/div><\/figcaption><\/figure><div class=\"fg-loader\"><\/div><\/div><div class=\"fg-item fg-type-image fg-idle\"><figure class=\"fg-item-inner\"><a href=\"http:\/\/www.adventuretrekking-nepal.com\/wp\/wp-content\/uploads\/KhumjungValley.jpg\" data-attachment-id=\"229\" data-type=\"image\" class=\"fg-thumb\"><span class=\"fg-image-wrap\"><img decoding=\"async\" width=\"265\" height=\"185\" class=\"skip-lazy fg-image\" data-src-fg=\"http:\/\/www.adventuretrekking-nepal.com\/wp\/wp-content\/uploads\/cache\/KhumjungValley\/2217266511.jpg\" src=\"data:image\/svg+xml,%3Csvg%20xmlns%3D%22http%3A%2F%2Fwww.w3.org%2F2000%2Fsvg%22%20width%3D%22265%22%20height%3D%22185%22%20viewBox%3D%220%200%20265%20185%22%3E%3C%2Fsvg%3E\" loading=\"eager\"><\/span><span class=\"fg-image-overlay\"><\/span><\/a><figcaption class=\"fg-caption\"><div class=\"fg-caption-inner\"><\/div><\/figcaption><\/figure><div class=\"fg-loader\"><\/div><\/div><div class=\"fg-item fg-type-image fg-idle\"><figure class=\"fg-item-inner\"><a href=\"http:\/\/www.adventuretrekking-nepal.com\/wp\/wp-content\/uploads\/KhumjungValley123.jpg\" data-attachment-id=\"230\" data-type=\"image\" class=\"fg-thumb\"><span class=\"fg-image-wrap\"><img decoding=\"async\" width=\"265\" height=\"185\" class=\"skip-lazy fg-image\" data-src-fg=\"http:\/\/www.adventuretrekking-nepal.com\/wp\/wp-content\/uploads\/cache\/KhumjungValley123\/1416280127.jpg\" src=\"data:image\/svg+xml,%3Csvg%20xmlns%3D%22http%3A%2F%2Fwww.w3.org%2F2000%2Fsvg%22%20width%3D%22265%22%20height%3D%22185%22%20viewBox%3D%220%200%20265%20185%22%3E%3C%2Fsvg%3E\" loading=\"eager\"><\/span><span class=\"fg-image-overlay\"><\/span><\/a><figcaption class=\"fg-caption\"><div class=\"fg-caption-inner\"><\/div><\/figcaption><\/figure><div class=\"fg-loader\"><\/div><\/div><div class=\"fg-item fg-type-image fg-idle\"><figure class=\"fg-item-inner\"><a href=\"http:\/\/www.adventuretrekking-nepal.com\/wp\/wp-content\/uploads\/renjo-la-pass.jpg\" data-attachment-id=\"231\" data-type=\"image\" class=\"fg-thumb\"><span class=\"fg-image-wrap\"><img decoding=\"async\" width=\"265\" height=\"185\" class=\"skip-lazy fg-image\" data-src-fg=\"http:\/\/www.adventuretrekking-nepal.com\/wp\/wp-content\/uploads\/cache\/renjo-la-pass\/1804699970.jpg\" src=\"data:image\/svg+xml,%3Csvg%20xmlns%3D%22http%3A%2F%2Fwww.w3.org%2F2000%2Fsvg%22%20width%3D%22265%22%20height%3D%22185%22%20viewBox%3D%220%200%20265%20185%22%3E%3C%2Fsvg%3E\" loading=\"eager\"><\/span><span class=\"fg-image-overlay\"><\/span><\/a><figcaption class=\"fg-caption\"><div class=\"fg-caption-inner\"><\/div><\/figcaption><\/figure><div class=\"fg-loader\"><\/div><\/div><\/div>\n\n<\/div> <\/div>\n<div id=\"slide-bg1\" class=\"normalSlide\">\n\t\n\t\t<div class=\"bcg\"\n        data-center=\"background-position: 50% 0px;\"\n        data-top-bottom=\"background-position: 50% -150px;\"\n        data-anchor-target=\"#slide-bg1\" \n        style=\"background-image: url('http:\/\/www.adventuretrekking-nepal.com\/wp\/wp-content\/uploads\/iStock-499630236-1-1.jpg'); background-color: ; height: 300px;\" \n\t\t><div class=\"hsContainer\">\n            <div class=\"hsContent\" \n                data-center=\"opacity: 1;\"\n                data-top-bottom=\"opacity: 1;\" \n                data-anchor-target=\"#slide-bg1\"\n            >\n                <div class=\"slideText\" style=\"max-width: 100%; color: #ffffff\"><\/div>\n            <\/div>\n        <\/div>\n    <\/div>\n\t<\/div>\n\t\n<\/p>","protected":false},"excerpt":{"rendered":"","protected":false},"author":4,"featured_media":0,"parent":51,"menu_order":11,"comment_status":"closed","ping_status":"closed","template":"","meta":{"footnotes":""},"class_list":["post-177","page","type-page","status-publish","hentry"],"yoast_head":"<!-- This site is optimized with the Yoast SEO plugin v27.5 - https:\/\/yoast.com\/product\/yoast-seo-wordpress\/ -->\n<title>Everest Region - Pinnacle Treks &amp; expedition - Adventure Trekking Nepal<\/title>\n<meta name=\"robots\" content=\"index, follow, max-snippet:-1, max-image-preview:large, max-video-preview:-1\" \/>\n<link rel=\"canonical\" href=\"http:\/\/www.adventuretrekking-nepal.com\/trekking-touren\/everest-region\/\" \/>\n<meta property=\"og:locale\" content=\"de_DE\" \/>\n<meta property=\"og:type\" content=\"article\" \/>\n<meta property=\"og:title\" content=\"Everest Region - Pinnacle Treks &amp; expedition - Adventure Trekking Nepal\" \/>\n<meta property=\"og:url\" content=\"http:\/\/www.adventuretrekking-nepal.com\/trekking-touren\/everest-region\/\" \/>\n<meta property=\"og:site_name\" content=\"Pinnacle Treks &amp; expedition - Adventure Trekking Nepal\" \/>\n<meta property=\"article:modified_time\" content=\"2017-08-10T10:35:14+00:00\" \/>\n<meta name=\"twitter:card\" content=\"summary_large_image\" \/>\n<meta name=\"twitter:label1\" content=\"Gesch\u00e4tzte Lesezeit\" \/>\n\t<meta name=\"twitter:data1\" content=\"1\u00a0Minute\" \/>\n<script type=\"application\/ld+json\" class=\"yoast-schema-graph\">{\"@context\":\"https:\\\/\\\/schema.org\",\"@graph\":[{\"@type\":\"WebPage\",\"@id\":\"http:\\\/\\\/www.adventuretrekking-nepal.com\\\/trekking-touren\\\/everest-region\\\/\",\"url\":\"http:\\\/\\\/www.adventuretrekking-nepal.com\\\/trekking-touren\\\/everest-region\\\/\",\"name\":\"Everest Region - Pinnacle Treks &amp; expedition - Adventure Trekking Nepal\",\"isPartOf\":{\"@id\":\"http:\\\/\\\/www.adventuretrekking-nepal.com\\\/#website\"},\"datePublished\":\"2017-06-28T08:35:45+00:00\",\"dateModified\":\"2017-08-10T10:35:14+00:00\",\"breadcrumb\":{\"@id\":\"http:\\\/\\\/www.adventuretrekking-nepal.com\\\/trekking-touren\\\/everest-region\\\/#breadcrumb\"},\"inLanguage\":\"de\",\"potentialAction\":[{\"@type\":\"ReadAction\",\"target\":[\"http:\\\/\\\/www.adventuretrekking-nepal.com\\\/trekking-touren\\\/everest-region\\\/\"]}]},{\"@type\":\"BreadcrumbList\",\"@id\":\"http:\\\/\\\/www.adventuretrekking-nepal.com\\\/trekking-touren\\\/everest-region\\\/#breadcrumb\",\"itemListElement\":[{\"@type\":\"ListItem\",\"position\":1,\"name\":\"Startseite\",\"item\":\"http:\\\/\\\/www.adventuretrekking-nepal.com\\\/de\\\/\"},{\"@type\":\"ListItem\",\"position\":2,\"name\":\"Trekking-Touren\",\"item\":\"http:\\\/\\\/www.adventuretrekking-nepal.com\\\/trekking-touren\\\/\"},{\"@type\":\"ListItem\",\"position\":3,\"name\":\"Everest Region\"}]},{\"@type\":\"WebSite\",\"@id\":\"http:\\\/\\\/www.adventuretrekking-nepal.com\\\/#website\",\"url\":\"http:\\\/\\\/www.adventuretrekking-nepal.com\\\/\",\"name\":\"Pinnacle Treks &amp; expedition - Adventure Trekking Nepal\",\"description\":\"Adventure Trekking Nepal - Annapurna, Dolpa, Everest Region, Langtang, Manaslu Region, Gipfelbesteigungen, Uppermustang trek - Pinnacle Treks &amp; expedition.\",\"potentialAction\":[{\"@type\":\"SearchAction\",\"target\":{\"@type\":\"EntryPoint\",\"urlTemplate\":\"http:\\\/\\\/www.adventuretrekking-nepal.com\\\/?s={search_term_string}\"},\"query-input\":{\"@type\":\"PropertyValueSpecification\",\"valueRequired\":true,\"valueName\":\"search_term_string\"}}],\"inLanguage\":\"de\"}]}<\/script>\n<!-- \/ Yoast SEO plugin. -->","yoast_head_json":{"title":"Everest Region - Pinnacle Treks &amp; expedition - Adventure Trekking Nepal","robots":{"index":"index","follow":"follow","max-snippet":"max-snippet:-1","max-image-preview":"max-image-preview:large","max-video-preview":"max-video-preview:-1"},"canonical":"http:\/\/www.adventuretrekking-nepal.com\/trekking-touren\/everest-region\/","og_locale":"de_DE","og_type":"article","og_title":"Everest Region - Pinnacle Treks &amp; expedition - Adventure Trekking Nepal","og_url":"http:\/\/www.adventuretrekking-nepal.com\/trekking-touren\/everest-region\/","og_site_name":"Pinnacle Treks &amp; expedition - Adventure Trekking Nepal","article_modified_time":"2017-08-10T10:35:14+00:00","twitter_card":"summary_large_image","twitter_misc":{"Gesch\u00e4tzte Lesezeit":"1\u00a0Minute"},"schema":{"@context":"https:\/\/schema.org","@graph":[{"@type":"WebPage","@id":"http:\/\/www.adventuretrekking-nepal.com\/trekking-touren\/everest-region\/","url":"http:\/\/www.adventuretrekking-nepal.com\/trekking-touren\/everest-region\/","name":"Everest Region - Pinnacle Treks &amp; expedition - Adventure Trekking Nepal","isPartOf":{"@id":"http:\/\/www.adventuretrekking-nepal.com\/#website"},"datePublished":"2017-06-28T08:35:45+00:00","dateModified":"2017-08-10T10:35:14+00:00","breadcrumb":{"@id":"http:\/\/www.adventuretrekking-nepal.com\/trekking-touren\/everest-region\/#breadcrumb"},"inLanguage":"de","potentialAction":[{"@type":"ReadAction","target":["http:\/\/www.adventuretrekking-nepal.com\/trekking-touren\/everest-region\/"]}]},{"@type":"BreadcrumbList","@id":"http:\/\/www.adventuretrekking-nepal.com\/trekking-touren\/everest-region\/#breadcrumb","itemListElement":[{"@type":"ListItem","position":1,"name":"Startseite","item":"http:\/\/www.adventuretrekking-nepal.com\/de\/"},{"@type":"ListItem","position":2,"name":"Trekking-Touren","item":"http:\/\/www.adventuretrekking-nepal.com\/trekking-touren\/"},{"@type":"ListItem","position":3,"name":"Everest Region"}]},{"@type":"WebSite","@id":"http:\/\/www.adventuretrekking-nepal.com\/#website","url":"http:\/\/www.adventuretrekking-nepal.com\/","name":"Pinnacle Treks &amp; expedition - Adventure Trekking Nepal","description":"Adventure Trekking Nepal - Annapurna, Dolpa, Everest Region, Langtang, Manaslu Region, Gipfelbesteigungen, Uppermustang trek - Pinnacle Treks &amp; expedition.","potentialAction":[{"@type":"SearchAction","target":{"@type":"EntryPoint","urlTemplate":"http:\/\/www.adventuretrekking-nepal.com\/?s={search_term_string}"},"query-input":{"@type":"PropertyValueSpecification","valueRequired":true,"valueName":"search_term_string"}}],"inLanguage":"de"}]}},"_links":{"self":[{"href":"http:\/\/www.adventuretrekking-nepal.com\/de\/wp-json\/wp\/v2\/pages\/177","targetHints":{"allow":["GET"]}}],"collection":[{"href":"http:\/\/www.adventuretrekking-nepal.com\/de\/wp-json\/wp\/v2\/pages"}],"about":[{"href":"http:\/\/www.adventuretrekking-nepal.com\/de\/wp-json\/wp\/v2\/types\/page"}],"author":[{"embeddable":true,"href":"http:\/\/www.adventuretrekking-nepal.com\/de\/wp-json\/wp\/v2\/users\/4"}],"replies":[{"embeddable":true,"href":"http:\/\/www.adventuretrekking-nepal.com\/de\/wp-json\/wp\/v2\/comments?post=177"}],"version-history":[{"count":11,"href":"http:\/\/www.adventuretrekking-nepal.com\/de\/wp-json\/wp\/v2\/pages\/177\/revisions"}],"predecessor-version":[{"id":1283,"href":"http:\/\/www.adventuretrekking-nepal.com\/de\/wp-json\/wp\/v2\/pages\/177\/revisions\/1283"}],"up":[{"embeddable":true,"href":"http:\/\/www.adventuretrekking-nepal.com\/de\/wp-json\/wp\/v2\/pages\/51"}],"wp:attachment":[{"href":"http:\/\/www.adventuretrekking-nepal.com\/de\/wp-json\/wp\/v2\/media?parent=177"}],"curies":[{"name":"wp","href":"https:\/\/api.w.org\/{rel}","templated":true}]}}